{"id":5274,"date":"2025-01-22T12:45:04","date_gmt":"2025-01-22T11:45:04","guid":{"rendered":"https:\/\/omni-mode.com\/?page_id=5274"},"modified":"2025-01-22T12:46:23","modified_gmt":"2025-01-22T11:46:23","slug":"disclaimer","status":"publish","type":"page","link":"https:\/\/omni-mode.com\/de\/disclaimer\/","title":{"rendered":"Haftungsausschluss"},"content":{"rendered":"<div data-elementor-type=\"wp-page\" data-elementor-id=\"5274\" class=\"elementor elementor-5274\" data-elementor-post-type=\"page\">\n\t\t\t\t<div class=\"elementor-element elementor-element-fcdc837 e-flex e-con-boxed e-con e-parent\" data-id=\"fcdc837\" data-element_type=\"container\" data-e-type=\"container\" data-settings=\"{&quot;background_background&quot;:&quot;classic&quot;}\">\n\t\t\t\t\t<div class=\"e-con-inner\">\n\t\t\t\t\t<\/div>\n\t\t\t\t<\/div>\n\t\t<div class=\"elementor-element elementor-element-6a638cf e-flex e-con-boxed e-con e-parent\" data-id=\"6a638cf\" data-element_type=\"container\" data-e-type=\"container\" data-settings=\"{&quot;background_background&quot;:&quot;classic&quot;}\">\n\t\t\t\t\t<div class=\"e-con-inner\">\n\t\t\t\t<div class=\"elementor-element elementor-element-4d442e1 elementor-align-left elementor-mobile-align-left elementor-widget elementor-widget-breadcrumbs\" data-id=\"4d442e1\" data-element_type=\"widget\" data-e-type=\"widget\" data-widget_type=\"breadcrumbs.default\">\n\t\t\t\t<div class=\"elementor-widget-container\">\n\t\t\t\t\t<p id=\"breadcrumbs\"><span><span><a href=\"https:\/\/omni-mode.com\/de\/\">Startseite<\/a><\/span><\/span><\/p>\t\t\t\t<\/div>\n\t\t\t\t<\/div>\n\t\t\t\t\t<\/div>\n\t\t\t\t<\/div>\n\t\t<div class=\"elementor-element elementor-element-03a1682 e-flex e-con-boxed elementor-invisible e-con e-parent\" data-id=\"03a1682\" data-element_type=\"container\" data-e-type=\"container\" data-settings=\"{&quot;background_background&quot;:&quot;classic&quot;,&quot;animation&quot;:&quot;fadeInUp&quot;}\">\n\t\t\t\t\t<div class=\"e-con-inner\">\n\t\t\t\t<div class=\"elementor-element elementor-element-4ffb767 elementor-widget elementor-widget-text-editor\" data-id=\"4ffb767\" data-element_type=\"widget\" data-e-type=\"widget\" data-widget_type=\"text-editor.default\">\n\t\t\t\t<div class=\"elementor-widget-container\">\n\t\t\t\t\t\t\t\t\t<p style=\"font-weight: 400;\">Bitte lesen Sie diesen Haftungsausschluss sorgf\u00e4ltig durch, bevor Sie eines unserer Produkte konsumieren.<\/p><ul style=\"font-weight: 400;\"><li>\u00a0Dieser Haftungsausschluss sollte nicht als Ersatz f\u00fcr die Konsultation eines Arztes oder einer \u00c4rztin betrachtet werden. Nehmen Sie unsere Nahrungserg\u00e4nzungsprodukte nicht ein, wenn Sie auf einen der auf der Produktverpackung aufgef\u00fchrten Inhaltsstoffe allergisch sind.<\/li><li>\u00a0Unsere Produkte werden aus nat\u00fcrlichen Zutaten unter Einhaltung h\u00f6chster Qualit\u00e4tsstandards hergestellt. Die individuelle Vertr\u00e4glichkeit und Reaktion auf die Nahrungserg\u00e4nzungsmittel kann jedoch variieren. Wir garantieren keine individuellen Ergebnisse und \u00fcbernehmen keine Verantwortung f\u00fcr unerwartete Nebenwirkungen.<\/li><li>\u00a0Bitte lesen Sie die Liste der Inhaltsstoffe und die Anwendungshinweise auf der Verpackung sorgf\u00e4ltig durch, bevor Sie das Produkt verwenden.<\/li><li>\u00a0Die Produkte sollten au\u00dferhalb der Reichweite von Kindern gelagert und aufbewahrt werden. Darf nicht von Kindern unter 3 Jahren eingenommen werden.<\/li><li>\u00a0Die Produkte von OmniMode sind nicht zur Heilung, Behandlung oder Vorbeugung von Krankheiten gedacht; sie sind auch nicht als Ersatz f\u00fcr eine ausgewogene Ern\u00e4hrung oder eine gesunde Lebensweise zu verwenden.<\/li><li>\u00a0Nehmen Sie diese Produkte nicht ein, wenn Sie gegen einen der auf der Produktverpackung aufgef\u00fchrten Inhaltsstoffe allergisch sind. Wenn Sie Medikamente einnehmen, schwanger sind oder ein Baby stillen, fragen Sie Ihren Arzt.<\/li><li>OmniMode Sarl. bietet qualitativ hochwertige, nat\u00fcrliche Nahrungserg\u00e4nzungsmittel an, die nicht von der Europ\u00e4ischen Arzneimittelagentur EMA bewertet wurden.<\/li><li>\u00a0Die empfohlene Tagesdosis darf nicht \u00fcberschritten werden.<\/li><li>\u00a0Durch die Nutzung eines unserer Produkte erkl\u00e4ren Sie sich mit diesem Haftungsausschluss einverstanden und akzeptieren dessen Bedingungen. Wenn Sie mit diesen Bedingungen nicht einverstanden sind, sehen Sie bitte von der Nutzung unserer Produkte ab.<\/li><li>\u00a0Wenn Sie Fragen haben oder weitere Informationen ben\u00f6tigen, k\u00f6nnen Sie sich gerne an uns wenden.<\/li><\/ul>\t\t\t\t\t\t\t\t<\/div>\n\t\t\t\t<\/div>\n\t\t\t\t\t<\/div>\n\t\t\t\t<\/div>\n\t\t\t\t<\/div>","protected":false},"excerpt":{"rendered":"<p>Please read this disclaimer carefully before consuming any of our products. \u00a0This disclaimer should not be considered a substitute for consulting a health care professional. Do not take our food supplements products if you are allergic to any of the ingredients listed on the product packaging. \u00a0Our products are produced from natural ingredients, following the [&hellip;]<\/p>\n","protected":false},"author":1,"featured_media":0,"parent":0,"menu_order":0,"comment_status":"closed","ping_status":"closed","template":"","meta":{"_acf_changed":false,"footnotes":""},"class_list":["post-5274","page","type-page","status-publish","hentry"],"acf":[],"yoast_head":"<!-- This site is optimized with the Yoast SEO plugin v27.4 - https:\/\/yoast.com\/product\/yoast-seo-wordpress\/ -->\n<title>Disclaimer | OmniMode<\/title>\n<meta name=\"robots\" content=\"index, follow, max-snippet:-1, max-image-preview:large, max-video-preview:-1\" \/>\n<link rel=\"canonical\" href=\"https:\/\/omni-mode.com\/de\/disclaimer\/\" \/>\n<meta property=\"og:locale\" content=\"de_DE\" \/>\n<meta property=\"og:type\" content=\"article\" \/>\n<meta property=\"og:title\" content=\"Disclaimer | OmniMode\" \/>\n<meta property=\"og:description\" content=\"Please read this disclaimer carefully before consuming any of our products. \u00a0This disclaimer should not be considered a substitute for consulting a health care professional. Do not take our food supplements products if you are allergic to any of the ingredients listed on the product packaging. \u00a0Our products are produced from natural ingredients, following the [&hellip;]\" \/>\n<meta property=\"og:url\" content=\"https:\/\/omni-mode.com\/de\/disclaimer\/\" \/>\n<meta property=\"og:site_name\" content=\"OmniMode\" \/>\n<meta property=\"article:modified_time\" content=\"2025-01-22T11:46:23+00:00\" \/>\n<meta name=\"twitter:card\" content=\"summary_large_image\" \/>\n<meta name=\"twitter:label1\" content=\"Gesch\u00e4tzte Lesezeit\" \/>\n\t<meta name=\"twitter:data1\" content=\"2\u00a0Minuten\" \/>\n<script type=\"application\/ld+json\" class=\"yoast-schema-graph\">{\"@context\":\"https:\\\/\\\/schema.org\",\"@graph\":[{\"@type\":\"WebPage\",\"@id\":\"https:\\\/\\\/omni-mode.com\\\/disclaimer\\\/\",\"url\":\"https:\\\/\\\/omni-mode.com\\\/disclaimer\\\/\",\"name\":\"Disclaimer | OmniMode\",\"isPartOf\":{\"@id\":\"https:\\\/\\\/omni-mode.com\\\/#website\"},\"datePublished\":\"2025-01-22T11:45:04+00:00\",\"dateModified\":\"2025-01-22T11:46:23+00:00\",\"breadcrumb\":{\"@id\":\"https:\\\/\\\/omni-mode.com\\\/disclaimer\\\/#breadcrumb\"},\"inLanguage\":\"de\",\"potentialAction\":[{\"@type\":\"ReadAction\",\"target\":[\"https:\\\/\\\/omni-mode.com\\\/disclaimer\\\/\"]}]},{\"@type\":\"BreadcrumbList\",\"@id\":\"https:\\\/\\\/omni-mode.com\\\/disclaimer\\\/#breadcrumb\",\"itemListElement\":[{\"@type\":\"ListItem\",\"position\":1,\"name\":\"Home\",\"item\":\"https:\\\/\\\/omni-mode.com\\\/\"},{\"@type\":\"ListItem\",\"position\":2,\"name\":\"Disclaimer\"}]},{\"@type\":\"WebSite\",\"@id\":\"https:\\\/\\\/omni-mode.com\\\/#website\",\"url\":\"https:\\\/\\\/omni-mode.com\\\/\",\"name\":\"OmniMode\",\"description\":\"\",\"publisher\":{\"@id\":\"https:\\\/\\\/omni-mode.com\\\/#organization\"},\"potentialAction\":[{\"@type\":\"SearchAction\",\"target\":{\"@type\":\"EntryPoint\",\"urlTemplate\":\"https:\\\/\\\/omni-mode.com\\\/?s={search_term_string}\"},\"query-input\":{\"@type\":\"PropertyValueSpecification\",\"valueRequired\":true,\"valueName\":\"search_term_string\"}}],\"inLanguage\":\"de\"},{\"@type\":\"Organization\",\"@id\":\"https:\\\/\\\/omni-mode.com\\\/#organization\",\"name\":\"OmniMode\",\"url\":\"https:\\\/\\\/omni-mode.com\\\/\",\"logo\":{\"@type\":\"ImageObject\",\"inLanguage\":\"de\",\"@id\":\"https:\\\/\\\/omni-mode.com\\\/#\\\/schema\\\/logo\\\/image\\\/\",\"url\":\"https:\\\/\\\/omni-mode.com\\\/wp-content\\\/uploads\\\/logo-2.png\",\"contentUrl\":\"https:\\\/\\\/omni-mode.com\\\/wp-content\\\/uploads\\\/logo-2.png\",\"width\":800,\"height\":785,\"caption\":\"OmniMode\"},\"image\":{\"@id\":\"https:\\\/\\\/omni-mode.com\\\/#\\\/schema\\\/logo\\\/image\\\/\"}}]}<\/script>\n<!-- \/ Yoast SEO plugin. -->","yoast_head_json":{"title":"Disclaimer | OmniMode","robots":{"index":"index","follow":"follow","max-snippet":"max-snippet:-1","max-image-preview":"max-image-preview:large","max-video-preview":"max-video-preview:-1"},"canonical":"https:\/\/omni-mode.com\/de\/disclaimer\/","og_locale":"de_DE","og_type":"article","og_title":"Disclaimer | OmniMode","og_description":"Please read this disclaimer carefully before consuming any of our products. \u00a0This disclaimer should not be considered a substitute for consulting a health care professional. Do not take our food supplements products if you are allergic to any of the ingredients listed on the product packaging. \u00a0Our products are produced from natural ingredients, following the [&hellip;]","og_url":"https:\/\/omni-mode.com\/de\/disclaimer\/","og_site_name":"OmniMode","article_modified_time":"2025-01-22T11:46:23+00:00","twitter_card":"summary_large_image","twitter_misc":{"Gesch\u00e4tzte Lesezeit":"2\u00a0Minuten"},"schema":{"@context":"https:\/\/schema.org","@graph":[{"@type":"WebPage","@id":"https:\/\/omni-mode.com\/disclaimer\/","url":"https:\/\/omni-mode.com\/disclaimer\/","name":"Disclaimer | OmniMode","isPartOf":{"@id":"https:\/\/omni-mode.com\/#website"},"datePublished":"2025-01-22T11:45:04+00:00","dateModified":"2025-01-22T11:46:23+00:00","breadcrumb":{"@id":"https:\/\/omni-mode.com\/disclaimer\/#breadcrumb"},"inLanguage":"de","potentialAction":[{"@type":"ReadAction","target":["https:\/\/omni-mode.com\/disclaimer\/"]}]},{"@type":"BreadcrumbList","@id":"https:\/\/omni-mode.com\/disclaimer\/#breadcrumb","itemListElement":[{"@type":"ListItem","position":1,"name":"Home","item":"https:\/\/omni-mode.com\/"},{"@type":"ListItem","position":2,"name":"Disclaimer"}]},{"@type":"WebSite","@id":"https:\/\/omni-mode.com\/#website","url":"https:\/\/omni-mode.com\/","name":"OmniMode","description":"","publisher":{"@id":"https:\/\/omni-mode.com\/#organization"},"potentialAction":[{"@type":"SearchAction","target":{"@type":"EntryPoint","urlTemplate":"https:\/\/omni-mode.com\/?s={search_term_string}"},"query-input":{"@type":"PropertyValueSpecification","valueRequired":true,"valueName":"search_term_string"}}],"inLanguage":"de"},{"@type":"Organization","@id":"https:\/\/omni-mode.com\/#organization","name":"OmniMode","url":"https:\/\/omni-mode.com\/","logo":{"@type":"ImageObject","inLanguage":"de","@id":"https:\/\/omni-mode.com\/#\/schema\/logo\/image\/","url":"https:\/\/omni-mode.com\/wp-content\/uploads\/logo-2.png","contentUrl":"https:\/\/omni-mode.com\/wp-content\/uploads\/logo-2.png","width":800,"height":785,"caption":"OmniMode"},"image":{"@id":"https:\/\/omni-mode.com\/#\/schema\/logo\/image\/"}}]}},"_links":{"self":[{"href":"https:\/\/omni-mode.com\/de\/wp-json\/wp\/v2\/pages\/5274","targetHints":{"allow":["GET"]}}],"collection":[{"href":"https:\/\/omni-mode.com\/de\/wp-json\/wp\/v2\/pages"}],"about":[{"href":"https:\/\/omni-mode.com\/de\/wp-json\/wp\/v2\/types\/page"}],"author":[{"embeddable":true,"href":"https:\/\/omni-mode.com\/de\/wp-json\/wp\/v2\/users\/1"}],"replies":[{"embeddable":true,"href":"https:\/\/omni-mode.com\/de\/wp-json\/wp\/v2\/comments?post=5274"}],"version-history":[{"count":0,"href":"https:\/\/omni-mode.com\/de\/wp-json\/wp\/v2\/pages\/5274\/revisions"}],"wp:attachment":[{"href":"https:\/\/omni-mode.com\/de\/wp-json\/wp\/v2\/media?parent=5274"}],"curies":[{"name":"wp","href":"https:\/\/api.w.org\/{rel}","templated":true}]}}