{"id":5444,"date":"2025-07-30T12:50:10","date_gmt":"2025-07-30T10:50:10","guid":{"rendered":"https:\/\/omni-mode.com\/?page_id=5444"},"modified":"2025-08-11T11:10:47","modified_gmt":"2025-08-11T09:10:47","slug":"product-information","status":"publish","type":"page","link":"https:\/\/omni-mode.com\/de\/product-information\/","title":{"rendered":"Informationen zum Produkt"},"content":{"rendered":"<div data-elementor-type=\"wp-page\" data-elementor-id=\"5444\" class=\"elementor elementor-5444\" data-elementor-post-type=\"page\">\n\t\t\t\t<div class=\"elementor-element elementor-element-fcdc837 e-flex e-con-boxed e-con e-parent\" data-id=\"fcdc837\" data-element_type=\"container\" data-e-type=\"container\" data-settings=\"{&quot;background_background&quot;:&quot;classic&quot;}\">\n\t\t\t\t\t<div class=\"e-con-inner\">\n\t\t\t\t\t<\/div>\n\t\t\t\t<\/div>\n\t\t<div class=\"elementor-element elementor-element-6a638cf e-flex e-con-boxed e-con e-parent\" data-id=\"6a638cf\" data-element_type=\"container\" data-e-type=\"container\" data-settings=\"{&quot;background_background&quot;:&quot;classic&quot;}\">\n\t\t\t\t\t<div class=\"e-con-inner\">\n\t\t\t\t<div class=\"elementor-element elementor-element-4d442e1 elementor-align-left elementor-mobile-align-left elementor-widget elementor-widget-breadcrumbs\" data-id=\"4d442e1\" data-element_type=\"widget\" data-e-type=\"widget\" data-widget_type=\"breadcrumbs.default\">\n\t\t\t\t<div class=\"elementor-widget-container\">\n\t\t\t\t\t<p id=\"breadcrumbs\"><span><span><a href=\"https:\/\/omni-mode.com\/de\/\">Startseite<\/a><\/span><\/span><\/p>\t\t\t\t<\/div>\n\t\t\t\t<\/div>\n\t\t\t\t\t<\/div>\n\t\t\t\t<\/div>\n\t\t<div class=\"elementor-element elementor-element-03a1682 e-flex e-con-boxed elementor-invisible e-con e-parent\" data-id=\"03a1682\" data-element_type=\"container\" data-e-type=\"container\" data-settings=\"{&quot;background_background&quot;:&quot;classic&quot;,&quot;animation&quot;:&quot;fadeInUp&quot;}\">\n\t\t\t\t\t<div class=\"e-con-inner\">\n\t\t<div class=\"elementor-element elementor-element-9070921 e-con-full e-flex e-con e-child\" data-id=\"9070921\" data-element_type=\"container\" data-e-type=\"container\">\n\t\t\t\t<div class=\"elementor-element elementor-element-4ffb767 elementor-widget elementor-widget-text-editor\" data-id=\"4ffb767\" data-element_type=\"widget\" data-e-type=\"widget\" data-widget_type=\"text-editor.default\">\n\t\t\t\t<div class=\"elementor-widget-container\">\n\t\t\t\t\t\t\t\t\t<p><span style=\"font-size: 11pt; caret-color: #000000; color: #000000; font-family: Calibri, sans-serif; text-align: justify; font-style: var( --e-global-typography-text-font-style ); text-decoration: var( --e-global-typography-text-text-decoration );\">Unsere Produkte werden ausschlie\u00dflich von unserem Lieferanten Adama'H in Italien hergestellt, der nach dem internationalen HACCP-Konzept zertifiziert ist und \u00fcber alle erforderlichen Zulassungen gem\u00e4\u00df den strengen italienischen Vorschriften f\u00fcr die Lebensmittelversorgung verf\u00fcgt. Dar\u00fcber hinaus hat OmniMode Sarl. unsere Produkte unter der Luxemburger Veterin\u00e4r- und Lebensmittelbeh\u00f6rde (ALVA) zertifiziert.<\/span><span style=\"font-size: 11pt; caret-color: #000000; color: #000000; font-family: Calibri, sans-serif; text-align: justify; font-style: var( --e-global-typography-text-font-style ); text-decoration: var( --e-global-typography-text-text-decoration );\">\u00a0<\/span><\/p><p style=\"margin: 0cm; font-size: medium; font-family: 'Times New Roman', serif; caret-color: #000000; color: #000000; text-align: justify;\"><span lang=\"EN-US\" style=\"font-size: 11pt; font-family: Calibri, sans-serif;\">\u00a0<\/span><\/p><p style=\"margin: 0cm; font-size: medium; font-family: 'Times New Roman', serif; caret-color: #000000; color: #000000; text-align: justify;\"><span lang=\"EN-US\" style=\"font-size: 11pt; font-family: Calibri, sans-serif;\">In den letzten Hunderten von Jahren haben viele Menschen die positiven und n\u00fctzlichen Auswirkungen<\/span><span style=\"font-size: 11pt; font-family: Calibri, sans-serif;\">\u00a0Pflanzen<\/span><span lang=\"EN-US\" style=\"font-size: 11pt; font-family: Calibri, sans-serif;\">\u00a0auf den menschlichen K\u00f6rper haben.<\/span><\/p><p style=\"margin: 0cm; font-size: medium; font-family: 'Times New Roman', serif; caret-color: #000000; color: #000000; text-align: justify;\"><span lang=\"EN-US\" style=\"font-size: 11pt; font-family: Calibri, sans-serif;\">\u00a0<\/span><\/p><p class=\"MsoNormal\" style=\"margin: 0cm; font-size: medium; font-family: Calibri, sans-serif; caret-color: #000000; color: #000000; text-align: justify;\"><span lang=\"EN-GB\" style=\"font-size: 11pt;\">Pflanzen lernen tagt\u00e4glich, sich vor schlechtem Wetter, Umweltverschmutzung, zu viel Sonne und Wassermangel zu sch\u00fctzen, denn sie k\u00f6nnen nicht fliehen (wie es Tiere tun w\u00fcrden), sondern sind gezwungen, sich an ihre Umwelt anzupassen. Daher finden wir in ihnen Substanzen mit gesunden Eigenschaften (die aus einem langen Prozess der Selbstverteidigung entstanden sind), die seit der Antike bekannt sind und verwendet werden.<\/span><\/p><p class=\"MsoNormal\" style=\"margin: 0cm; font-size: medium; font-family: Calibri, sans-serif; caret-color: #000000; color: #000000; text-align: justify;\"><span lang=\"EN-GB\" style=\"font-size: 11pt;\">\u00a0<\/span><\/p><p class=\"MsoNormal\" style=\"margin: 0cm; font-size: medium; font-family: Calibri, sans-serif; caret-color: #000000; color: #000000; text-align: justify;\"><span lang=\"EN-US\" style=\"font-size: 11pt;\">Eine hocheffiziente Extraktion<\/span><span lang=\"EN-GB\" style=\"font-size: 11pt;\">\u00a0Methode erm\u00f6glicht\u00a0<strong>keine Konservierungsmittel, Aromastoffe, Zucker und Farbstoffe zu verwenden<\/strong>So werden nur Naturprodukte aus wildwachsenden\/organischen Pflanzen verwendet, die in ihrer nat\u00fcrlichen Umgebung gewachsen sind.<\/span><\/p>\t\t\t\t\t\t\t\t<\/div>\n\t\t\t\t<\/div>\n\t\t\t\t<div class=\"elementor-element elementor-element-4469ea0 elementor-widget elementor-widget-heading\" data-id=\"4469ea0\" data-element_type=\"widget\" data-e-type=\"widget\" data-widget_type=\"heading.default\">\n\t\t\t\t<div class=\"elementor-widget-container\">\n\t\t\t\t\t<h3 class=\"elementor-heading-title elementor-size-default\">FlightMode Zutaten: <\/h3>\t\t\t\t<\/div>\n\t\t\t\t<\/div>\n\t\t\t\t<div class=\"elementor-element elementor-element-fd3a825 elementor-widget elementor-widget-text-editor\" data-id=\"fd3a825\" data-element_type=\"widget\" data-e-type=\"widget\" data-widget_type=\"text-editor.default\">\n\t\t\t\t<div class=\"elementor-widget-container\">\n\t\t\t\t\t\t\t\t\t<p style=\"font-weight: 400;\">Withania, Ginkgo biloba, Curcuma, Mirtillo, Gr\u00fcner Tee, Melisse, Schwarze Johannisbeere, Escolzia, Passiflora, Lavendel, Rodiola. Pflanzliches Glycerin, Zitronens\u00e4ure.<\/p>\t\t\t\t\t\t\t\t<\/div>\n\t\t\t\t<\/div>\n\t\t\t\t<div class=\"elementor-element elementor-element-b804080 elementor-widget elementor-widget-heading\" data-id=\"b804080\" data-element_type=\"widget\" data-e-type=\"widget\" data-widget_type=\"heading.default\">\n\t\t\t\t<div class=\"elementor-widget-container\">\n\t\t\t\t\t<h3 class=\"elementor-heading-title elementor-size-default\">MemoryMode Zutaten:<\/h3>\t\t\t\t<\/div>\n\t\t\t\t<\/div>\n\t\t\t\t<div class=\"elementor-element elementor-element-935fb39 elementor-widget elementor-widget-text-editor\" data-id=\"935fb39\" data-element_type=\"widget\" data-e-type=\"widget\" data-widget_type=\"text-editor.default\">\n\t\t\t\t<div class=\"elementor-widget-container\">\n\t\t\t\t\t\t\t\t\t<p style=\"font-weight: 400;\">Passiflora, Rhodiola, Withania, Ingwer, Lavandula, Zimt, Rosmarinus, Melisse, Pfefferminze, Safran, pflanzliches Glycerin, Zitronens\u00e4ure.<\/p>\t\t\t\t\t\t\t\t<\/div>\n\t\t\t\t<\/div>\n\t\t<div class=\"elementor-element elementor-element-2d4d660 e-con-full e-flex e-con e-child\" data-id=\"2d4d660\" data-element_type=\"container\" data-e-type=\"container\">\n\t\t\t\t<\/div>\n\t\t<div class=\"elementor-element elementor-element-f86d233 e-con-full e-flex e-con e-child\" data-id=\"f86d233\" data-element_type=\"container\" data-e-type=\"container\">\n\t\t\t\t<\/div>\n\t\t<div class=\"elementor-element elementor-element-514be44 e-con-full e-flex e-con e-child\" data-id=\"514be44\" data-element_type=\"container\" data-e-type=\"container\">\n\t\t\t\t<\/div>\n\t\t<div class=\"elementor-element elementor-element-aa6e8d8 e-con-full e-flex e-con e-child\" data-id=\"aa6e8d8\" data-element_type=\"container\" data-e-type=\"container\">\n\t\t\t\t<\/div>\n\t\t<div class=\"elementor-element elementor-element-954ea00 e-con-full e-flex e-con e-child\" data-id=\"954ea00\" data-element_type=\"container\" data-e-type=\"container\">\n\t\t\t\t<\/div>\n\t\t<div class=\"elementor-element elementor-element-07745d2 e-con-full e-flex e-con e-child\" data-id=\"07745d2\" data-element_type=\"container\" data-e-type=\"container\">\n\t\t\t\t<\/div>\n\t\t<div class=\"elementor-element elementor-element-aae293b e-con-full e-flex e-con e-child\" data-id=\"aae293b\" data-element_type=\"container\" data-e-type=\"container\">\n\t\t\t\t<\/div>\n\t\t<div class=\"elementor-element elementor-element-477842c e-con-full e-flex e-con e-child\" data-id=\"477842c\" data-element_type=\"container\" data-e-type=\"container\">\n\t\t\t\t<\/div>\n\t\t<div class=\"elementor-element elementor-element-fc636d4 e-con-full e-flex e-con e-child\" data-id=\"fc636d4\" data-element_type=\"container\" data-e-type=\"container\">\n\t\t\t\t<div class=\"elementor-element elementor-element-3ab9b74 elementor-widget elementor-widget-heading\" data-id=\"3ab9b74\" data-element_type=\"widget\" data-e-type=\"widget\" data-widget_type=\"heading.default\">\n\t\t\t\t<div class=\"elementor-widget-container\">\n\t\t\t\t\t<h3 class=\"elementor-heading-title elementor-size-default\"> <\/h3>\t\t\t\t<\/div>\n\t\t\t\t<\/div>\n\t\t\t\t<\/div>\n\t\t\t\t<\/div>\n\t\t\t\t\t<\/div>\n\t\t\t\t<\/div>\n\t\t\t\t<\/div>","protected":false},"excerpt":{"rendered":"<p>Our products are produced exclusively by our supplier Adama\u2019H in Italy, who is HACCP international certified and has all required approvals under the strict Italian regulations for food supplies. Additionally, OmniMode Sarl. has certified our products under Luxembourg Veterinary and Food Administration (ALVA).\u00a0 \u00a0 For the past hundreds of years many humans have realized the [&hellip;]<\/p>\n","protected":false},"author":2,"featured_media":0,"parent":0,"menu_order":0,"comment_status":"closed","ping_status":"closed","template":"","meta":{"_acf_changed":false,"footnotes":""},"class_list":["post-5444","page","type-page","status-publish","hentry"],"acf":[],"yoast_head":"<!-- This site is optimized with the Yoast SEO plugin v27.4 - https:\/\/yoast.com\/product\/yoast-seo-wordpress\/ -->\n<title>Product Information | OmniMode<\/title>\n<meta name=\"robots\" content=\"index, follow, max-snippet:-1, max-image-preview:large, max-video-preview:-1\" \/>\n<link rel=\"canonical\" href=\"https:\/\/omni-mode.com\/de\/product-information\/\" \/>\n<meta property=\"og:locale\" content=\"de_DE\" \/>\n<meta property=\"og:type\" content=\"article\" \/>\n<meta property=\"og:title\" content=\"Product Information | OmniMode\" \/>\n<meta property=\"og:description\" content=\"Our products are produced exclusively by our supplier Adama\u2019H in Italy, who is HACCP international certified and has all required approvals under the strict Italian regulations for food supplies. Additionally, OmniMode Sarl. has certified our products under Luxembourg Veterinary and Food Administration (ALVA).\u00a0 \u00a0 For the past hundreds of years many humans have realized the [&hellip;]\" \/>\n<meta property=\"og:url\" content=\"https:\/\/omni-mode.com\/de\/product-information\/\" \/>\n<meta property=\"og:site_name\" content=\"OmniMode\" \/>\n<meta property=\"article:modified_time\" content=\"2025-08-11T09:10:47+00:00\" \/>\n<meta name=\"twitter:card\" content=\"summary_large_image\" \/>\n<meta name=\"twitter:label1\" content=\"Gesch\u00e4tzte Lesezeit\" \/>\n\t<meta name=\"twitter:data1\" content=\"1\u00a0Minute\" \/>\n<script type=\"application\/ld+json\" class=\"yoast-schema-graph\">{\"@context\":\"https:\\\/\\\/schema.org\",\"@graph\":[{\"@type\":\"WebPage\",\"@id\":\"https:\\\/\\\/omni-mode.com\\\/product-information\\\/\",\"url\":\"https:\\\/\\\/omni-mode.com\\\/product-information\\\/\",\"name\":\"Product Information | OmniMode\",\"isPartOf\":{\"@id\":\"https:\\\/\\\/omni-mode.com\\\/#website\"},\"datePublished\":\"2025-07-30T10:50:10+00:00\",\"dateModified\":\"2025-08-11T09:10:47+00:00\",\"breadcrumb\":{\"@id\":\"https:\\\/\\\/omni-mode.com\\\/product-information\\\/#breadcrumb\"},\"inLanguage\":\"de\",\"potentialAction\":[{\"@type\":\"ReadAction\",\"target\":[\"https:\\\/\\\/omni-mode.com\\\/product-information\\\/\"]}]},{\"@type\":\"BreadcrumbList\",\"@id\":\"https:\\\/\\\/omni-mode.com\\\/product-information\\\/#breadcrumb\",\"itemListElement\":[{\"@type\":\"ListItem\",\"position\":1,\"name\":\"Home\",\"item\":\"https:\\\/\\\/omni-mode.com\\\/\"},{\"@type\":\"ListItem\",\"position\":2,\"name\":\"Product Information\"}]},{\"@type\":\"WebSite\",\"@id\":\"https:\\\/\\\/omni-mode.com\\\/#website\",\"url\":\"https:\\\/\\\/omni-mode.com\\\/\",\"name\":\"OmniMode\",\"description\":\"\",\"publisher\":{\"@id\":\"https:\\\/\\\/omni-mode.com\\\/#organization\"},\"potentialAction\":[{\"@type\":\"SearchAction\",\"target\":{\"@type\":\"EntryPoint\",\"urlTemplate\":\"https:\\\/\\\/omni-mode.com\\\/?s={search_term_string}\"},\"query-input\":{\"@type\":\"PropertyValueSpecification\",\"valueRequired\":true,\"valueName\":\"search_term_string\"}}],\"inLanguage\":\"de\"},{\"@type\":\"Organization\",\"@id\":\"https:\\\/\\\/omni-mode.com\\\/#organization\",\"name\":\"OmniMode\",\"url\":\"https:\\\/\\\/omni-mode.com\\\/\",\"logo\":{\"@type\":\"ImageObject\",\"inLanguage\":\"de\",\"@id\":\"https:\\\/\\\/omni-mode.com\\\/#\\\/schema\\\/logo\\\/image\\\/\",\"url\":\"https:\\\/\\\/omni-mode.com\\\/wp-content\\\/uploads\\\/logo-2.png\",\"contentUrl\":\"https:\\\/\\\/omni-mode.com\\\/wp-content\\\/uploads\\\/logo-2.png\",\"width\":800,\"height\":785,\"caption\":\"OmniMode\"},\"image\":{\"@id\":\"https:\\\/\\\/omni-mode.com\\\/#\\\/schema\\\/logo\\\/image\\\/\"}}]}<\/script>\n<!-- \/ Yoast SEO plugin. -->","yoast_head_json":{"title":"Product Information | OmniMode","robots":{"index":"index","follow":"follow","max-snippet":"max-snippet:-1","max-image-preview":"max-image-preview:large","max-video-preview":"max-video-preview:-1"},"canonical":"https:\/\/omni-mode.com\/de\/product-information\/","og_locale":"de_DE","og_type":"article","og_title":"Product Information | OmniMode","og_description":"Our products are produced exclusively by our supplier Adama\u2019H in Italy, who is HACCP international certified and has all required approvals under the strict Italian regulations for food supplies. Additionally, OmniMode Sarl. has certified our products under Luxembourg Veterinary and Food Administration (ALVA).\u00a0 \u00a0 For the past hundreds of years many humans have realized the [&hellip;]","og_url":"https:\/\/omni-mode.com\/de\/product-information\/","og_site_name":"OmniMode","article_modified_time":"2025-08-11T09:10:47+00:00","twitter_card":"summary_large_image","twitter_misc":{"Gesch\u00e4tzte Lesezeit":"1\u00a0Minute"},"schema":{"@context":"https:\/\/schema.org","@graph":[{"@type":"WebPage","@id":"https:\/\/omni-mode.com\/product-information\/","url":"https:\/\/omni-mode.com\/product-information\/","name":"Product Information | OmniMode","isPartOf":{"@id":"https:\/\/omni-mode.com\/#website"},"datePublished":"2025-07-30T10:50:10+00:00","dateModified":"2025-08-11T09:10:47+00:00","breadcrumb":{"@id":"https:\/\/omni-mode.com\/product-information\/#breadcrumb"},"inLanguage":"de","potentialAction":[{"@type":"ReadAction","target":["https:\/\/omni-mode.com\/product-information\/"]}]},{"@type":"BreadcrumbList","@id":"https:\/\/omni-mode.com\/product-information\/#breadcrumb","itemListElement":[{"@type":"ListItem","position":1,"name":"Home","item":"https:\/\/omni-mode.com\/"},{"@type":"ListItem","position":2,"name":"Product Information"}]},{"@type":"WebSite","@id":"https:\/\/omni-mode.com\/#website","url":"https:\/\/omni-mode.com\/","name":"OmniMode","description":"","publisher":{"@id":"https:\/\/omni-mode.com\/#organization"},"potentialAction":[{"@type":"SearchAction","target":{"@type":"EntryPoint","urlTemplate":"https:\/\/omni-mode.com\/?s={search_term_string}"},"query-input":{"@type":"PropertyValueSpecification","valueRequired":true,"valueName":"search_term_string"}}],"inLanguage":"de"},{"@type":"Organization","@id":"https:\/\/omni-mode.com\/#organization","name":"OmniMode","url":"https:\/\/omni-mode.com\/","logo":{"@type":"ImageObject","inLanguage":"de","@id":"https:\/\/omni-mode.com\/#\/schema\/logo\/image\/","url":"https:\/\/omni-mode.com\/wp-content\/uploads\/logo-2.png","contentUrl":"https:\/\/omni-mode.com\/wp-content\/uploads\/logo-2.png","width":800,"height":785,"caption":"OmniMode"},"image":{"@id":"https:\/\/omni-mode.com\/#\/schema\/logo\/image\/"}}]}},"_links":{"self":[{"href":"https:\/\/omni-mode.com\/de\/wp-json\/wp\/v2\/pages\/5444","targetHints":{"allow":["GET"]}}],"collection":[{"href":"https:\/\/omni-mode.com\/de\/wp-json\/wp\/v2\/pages"}],"about":[{"href":"https:\/\/omni-mode.com\/de\/wp-json\/wp\/v2\/types\/page"}],"author":[{"embeddable":true,"href":"https:\/\/omni-mode.com\/de\/wp-json\/wp\/v2\/users\/2"}],"replies":[{"embeddable":true,"href":"https:\/\/omni-mode.com\/de\/wp-json\/wp\/v2\/comments?post=5444"}],"version-history":[{"count":16,"href":"https:\/\/omni-mode.com\/de\/wp-json\/wp\/v2\/pages\/5444\/revisions"}],"predecessor-version":[{"id":5473,"href":"https:\/\/omni-mode.com\/de\/wp-json\/wp\/v2\/pages\/5444\/revisions\/5473"}],"wp:attachment":[{"href":"https:\/\/omni-mode.com\/de\/wp-json\/wp\/v2\/media?parent=5444"}],"curies":[{"name":"wp","href":"https:\/\/api.w.org\/{rel}","templated":true}]}}