{"id":4116,"date":"2024-09-05T14:54:15","date_gmt":"2024-09-05T12:54:15","guid":{"rendered":"https:\/\/omni-mode.com\/?post_type=product&#038;p=4116"},"modified":"2025-08-11T15:31:18","modified_gmt":"2025-08-11T13:31:18","slug":"flightmode","status":"publish","type":"product","link":"https:\/\/omni-mode.com\/de\/shop\/flightmode\/","title":{"rendered":"FlightMode"},"content":{"rendered":"<p>FlightMode ist eine einzigartige Formel aus 11 pflanzlichen Inhaltsstoffen, die die reibungslose Anpassung an neue Zeitzonen unterst\u00fctzen, den Jetlag bek\u00e4mpfen und es erm\u00f6glichen, die Vorteile des wichtigsten Schlafs der ersten Nacht zu nutzen.<\/p>\n<p style=\"font-weight: 400;\">Unsere Produkte werden ausschlie\u00dflich von unserem Lieferanten Adama'H in Italien hergestellt, der nach dem internationalen HACCP-Konzept zertifiziert ist und \u00fcber alle erforderlichen Zulassungen gem\u00e4\u00df den strengen italienischen Vorschriften f\u00fcr die Lebensmittelversorgung verf\u00fcgt. Dar\u00fcber hinaus hat OmniMode Sarl. unsere Produkte unter der Luxemburger Veterin\u00e4r- und Lebensmittelbeh\u00f6rde (ALVA) zertifiziert.<\/p>\n<p style=\"font-weight: 400;\">In den letzten Hunderten von Jahren haben viele Menschen die positiven und n\u00fctzlichen Auswirkungen von Pflanzen auf den menschlichen K\u00f6rper erkannt.<\/p>\n<p style=\"font-weight: 400;\">Pflanzen lernen tagt\u00e4glich, sich vor schlechtem Wetter, Umweltverschmutzung, zu viel Sonne und Wassermangel zu sch\u00fctzen, denn sie k\u00f6nnen nicht fliehen (wie es Tiere tun w\u00fcrden), sondern sind gezwungen, sich an ihre Umwelt anzupassen. Daher finden wir in ihnen Substanzen mit gesunden Eigenschaften (die aus einem langen Prozess der Selbstverteidigung entstanden sind), die seit der Antike bekannt sind und genutzt werden.<\/p>\n<p style=\"font-weight: 400;\">Eine hocheffiziente Extraktionsmethode erm\u00f6glicht <strong>keine Konservierungsmittel, Aromastoffe, Zucker und Farbstoffe zu verwenden<\/strong>So werden nur Naturprodukte aus wildwachsenden\/organischen Pflanzen verwendet, die in ihrer nat\u00fcrlichen Umgebung gewachsen sind.<\/p>\n<p style=\"font-weight: 400;\"><strong><u>FlightMode Zutaten:<\/u><\/strong><\/p>\n<p style=\"font-weight: 400;\">Withania, Ginkgo biloba, Curcuma, Mirtillo, Gr\u00fcner Tee, Melisse, Schwarze Johannisbeere, Escolzia, Passiflora, Lavendel, Rodiola. Pflanzliches Glycerin, Zitronens\u00e4ure.<\/p>\n<p>&nbsp;<\/p>","protected":false},"excerpt":{"rendered":"<p>Eine Packung mit zwei 15ml-Flaschen FlightMode mit Tropfspender.<\/p>\n<p>Jede 15-ml-Flasche (je nach Flugdauer) bietet Unterst\u00fctzung bei Jetlag f\u00fcr 6 bis 17 Einzelfl\u00fcge.<\/p>","protected":false},"featured_media":5230,"template":"","meta":{"_acf_changed":false},"product_brand":[],"product_cat":[22],"product_tag":[],"class_list":{"0":"post-4116","1":"product","2":"type-product","3":"status-publish","4":"has-post-thumbnail","6":"product_cat-products","8":"first","9":"instock","10":"taxable","11":"shipping-taxable","12":"purchasable","13":"product-type-variable","14":"has-default-attributes"},"acf":[],"yoast_head":"<!-- This site is optimized with the Yoast SEO plugin v27.4 - https:\/\/yoast.com\/product\/yoast-seo-wordpress\/ -->\n<title>FlightMode | OmniMode<\/title>\n<meta name=\"robots\" content=\"index, follow, max-snippet:-1, max-image-preview:large, max-video-preview:-1\" \/>\n<link rel=\"canonical\" href=\"https:\/\/omni-mode.com\/de\/shop\/flightmode\/\" \/>\n<meta property=\"og:locale\" content=\"de_DE\" \/>\n<meta property=\"og:type\" content=\"article\" \/>\n<meta property=\"og:title\" content=\"FlightMode | OmniMode\" \/>\n<meta property=\"og:description\" content=\"A package containing two 15ml bottles of FlightMode with dropper dispenser.  Each 15ml bottle (depending on flight duration) will provide jet lag support for 6 to 17 single flights.\" \/>\n<meta property=\"og:url\" content=\"https:\/\/omni-mode.com\/de\/shop\/flightmode\/\" \/>\n<meta property=\"og:site_name\" content=\"OmniMode\" \/>\n<meta property=\"article:modified_time\" content=\"2025-08-11T13:31:18+00:00\" \/>\n<meta property=\"og:image\" content=\"https:\/\/omni-mode.com\/wp-content\/uploads\/flightmode-gradient.webp\" \/>\n\t<meta property=\"og:image:width\" content=\"1024\" \/>\n\t<meta property=\"og:image:height\" content=\"1024\" \/>\n\t<meta property=\"og:image:type\" content=\"image\/webp\" \/>\n<meta name=\"twitter:card\" content=\"summary_large_image\" \/>\n<meta name=\"twitter:label1\" content=\"Gesch\u00e4tzte Lesezeit\" \/>\n\t<meta name=\"twitter:data1\" content=\"2\u00a0Minuten\" \/>\n<script type=\"application\/ld+json\" class=\"yoast-schema-graph\">{\"@context\":\"https:\\\/\\\/schema.org\",\"@graph\":[{\"@type\":\"WebPage\",\"@id\":\"https:\\\/\\\/omni-mode.com\\\/shop\\\/flightmode\\\/\",\"url\":\"https:\\\/\\\/omni-mode.com\\\/shop\\\/flightmode\\\/\",\"name\":\"FlightMode | OmniMode\",\"isPartOf\":{\"@id\":\"https:\\\/\\\/omni-mode.com\\\/#website\"},\"primaryImageOfPage\":{\"@id\":\"https:\\\/\\\/omni-mode.com\\\/shop\\\/flightmode\\\/#primaryimage\"},\"image\":{\"@id\":\"https:\\\/\\\/omni-mode.com\\\/shop\\\/flightmode\\\/#primaryimage\"},\"thumbnailUrl\":\"https:\\\/\\\/omni-mode.com\\\/wp-content\\\/uploads\\\/flightmode-gradient.webp\",\"datePublished\":\"2024-09-05T12:54:15+00:00\",\"dateModified\":\"2025-08-11T13:31:18+00:00\",\"breadcrumb\":{\"@id\":\"https:\\\/\\\/omni-mode.com\\\/shop\\\/flightmode\\\/#breadcrumb\"},\"inLanguage\":\"de\",\"potentialAction\":[{\"@type\":\"ReadAction\",\"target\":[\"https:\\\/\\\/omni-mode.com\\\/shop\\\/flightmode\\\/\"]}]},{\"@type\":\"ImageObject\",\"inLanguage\":\"de\",\"@id\":\"https:\\\/\\\/omni-mode.com\\\/shop\\\/flightmode\\\/#primaryimage\",\"url\":\"https:\\\/\\\/omni-mode.com\\\/wp-content\\\/uploads\\\/flightmode-gradient.webp\",\"contentUrl\":\"https:\\\/\\\/omni-mode.com\\\/wp-content\\\/uploads\\\/flightmode-gradient.webp\",\"width\":1024,\"height\":1024},{\"@type\":\"BreadcrumbList\",\"@id\":\"https:\\\/\\\/omni-mode.com\\\/shop\\\/flightmode\\\/#breadcrumb\",\"itemListElement\":[{\"@type\":\"ListItem\",\"position\":1,\"name\":\"Home\",\"item\":\"https:\\\/\\\/omni-mode.com\\\/\"},{\"@type\":\"ListItem\",\"position\":2,\"name\":\"Shop\",\"item\":\"https:\\\/\\\/omni-mode.com\\\/shop\\\/\"},{\"@type\":\"ListItem\",\"position\":3,\"name\":\"Products\",\"item\":\"https:\\\/\\\/omni-mode.com\\\/category\\\/products\\\/\"},{\"@type\":\"ListItem\",\"position\":4,\"name\":\"FlightMode\"}]},{\"@type\":\"WebSite\",\"@id\":\"https:\\\/\\\/omni-mode.com\\\/#website\",\"url\":\"https:\\\/\\\/omni-mode.com\\\/\",\"name\":\"OmniMode\",\"description\":\"\",\"publisher\":{\"@id\":\"https:\\\/\\\/omni-mode.com\\\/#organization\"},\"potentialAction\":[{\"@type\":\"SearchAction\",\"target\":{\"@type\":\"EntryPoint\",\"urlTemplate\":\"https:\\\/\\\/omni-mode.com\\\/?s={search_term_string}\"},\"query-input\":{\"@type\":\"PropertyValueSpecification\",\"valueRequired\":true,\"valueName\":\"search_term_string\"}}],\"inLanguage\":\"de\"},{\"@type\":\"Organization\",\"@id\":\"https:\\\/\\\/omni-mode.com\\\/#organization\",\"name\":\"OmniMode\",\"url\":\"https:\\\/\\\/omni-mode.com\\\/\",\"logo\":{\"@type\":\"ImageObject\",\"inLanguage\":\"de\",\"@id\":\"https:\\\/\\\/omni-mode.com\\\/#\\\/schema\\\/logo\\\/image\\\/\",\"url\":\"https:\\\/\\\/omni-mode.com\\\/wp-content\\\/uploads\\\/logo-2.png\",\"contentUrl\":\"https:\\\/\\\/omni-mode.com\\\/wp-content\\\/uploads\\\/logo-2.png\",\"width\":800,\"height\":785,\"caption\":\"OmniMode\"},\"image\":{\"@id\":\"https:\\\/\\\/omni-mode.com\\\/#\\\/schema\\\/logo\\\/image\\\/\"}}]}<\/script>\n<!-- \/ Yoast SEO plugin. -->","yoast_head_json":{"title":"FlugModus | OmniModus","robots":{"index":"index","follow":"follow","max-snippet":"max-snippet:-1","max-image-preview":"max-image-preview:large","max-video-preview":"max-video-preview:-1"},"canonical":"https:\/\/omni-mode.com\/de\/shop\/flightmode\/","og_locale":"de_DE","og_type":"article","og_title":"FlightMode | OmniMode","og_description":"A package containing two 15ml bottles of FlightMode with dropper dispenser.  Each 15ml bottle (depending on flight duration) will provide jet lag support for 6 to 17 single flights.","og_url":"https:\/\/omni-mode.com\/de\/shop\/flightmode\/","og_site_name":"OmniMode","article_modified_time":"2025-08-11T13:31:18+00:00","og_image":[{"width":1024,"height":1024,"url":"https:\/\/omni-mode.com\/wp-content\/uploads\/flightmode-gradient.webp","type":"image\/webp"}],"twitter_card":"summary_large_image","twitter_misc":{"Gesch\u00e4tzte Lesezeit":"2\u00a0Minuten"},"schema":{"@context":"https:\/\/schema.org","@graph":[{"@type":"WebPage","@id":"https:\/\/omni-mode.com\/shop\/flightmode\/","url":"https:\/\/omni-mode.com\/shop\/flightmode\/","name":"FlugModus | OmniModus","isPartOf":{"@id":"https:\/\/omni-mode.com\/#website"},"primaryImageOfPage":{"@id":"https:\/\/omni-mode.com\/shop\/flightmode\/#primaryimage"},"image":{"@id":"https:\/\/omni-mode.com\/shop\/flightmode\/#primaryimage"},"thumbnailUrl":"https:\/\/omni-mode.com\/wp-content\/uploads\/flightmode-gradient.webp","datePublished":"2024-09-05T12:54:15+00:00","dateModified":"2025-08-11T13:31:18+00:00","breadcrumb":{"@id":"https:\/\/omni-mode.com\/shop\/flightmode\/#breadcrumb"},"inLanguage":"de","potentialAction":[{"@type":"ReadAction","target":["https:\/\/omni-mode.com\/shop\/flightmode\/"]}]},{"@type":"ImageObject","inLanguage":"de","@id":"https:\/\/omni-mode.com\/shop\/flightmode\/#primaryimage","url":"https:\/\/omni-mode.com\/wp-content\/uploads\/flightmode-gradient.webp","contentUrl":"https:\/\/omni-mode.com\/wp-content\/uploads\/flightmode-gradient.webp","width":1024,"height":1024},{"@type":"BreadcrumbList","@id":"https:\/\/omni-mode.com\/shop\/flightmode\/#breadcrumb","itemListElement":[{"@type":"ListItem","position":1,"name":"Home","item":"https:\/\/omni-mode.com\/"},{"@type":"ListItem","position":2,"name":"Shop","item":"https:\/\/omni-mode.com\/shop\/"},{"@type":"ListItem","position":3,"name":"Products","item":"https:\/\/omni-mode.com\/category\/products\/"},{"@type":"ListItem","position":4,"name":"FlightMode"}]},{"@type":"WebSite","@id":"https:\/\/omni-mode.com\/#website","url":"https:\/\/omni-mode.com\/","name":"OmniMode","description":"","publisher":{"@id":"https:\/\/omni-mode.com\/#organization"},"potentialAction":[{"@type":"SearchAction","target":{"@type":"EntryPoint","urlTemplate":"https:\/\/omni-mode.com\/?s={search_term_string}"},"query-input":{"@type":"PropertyValueSpecification","valueRequired":true,"valueName":"search_term_string"}}],"inLanguage":"de"},{"@type":"Organization","@id":"https:\/\/omni-mode.com\/#organization","name":"OmniMode","url":"https:\/\/omni-mode.com\/","logo":{"@type":"ImageObject","inLanguage":"de","@id":"https:\/\/omni-mode.com\/#\/schema\/logo\/image\/","url":"https:\/\/omni-mode.com\/wp-content\/uploads\/logo-2.png","contentUrl":"https:\/\/omni-mode.com\/wp-content\/uploads\/logo-2.png","width":800,"height":785,"caption":"OmniMode"},"image":{"@id":"https:\/\/omni-mode.com\/#\/schema\/logo\/image\/"}}]}},"_links":{"self":[{"href":"https:\/\/omni-mode.com\/de\/wp-json\/wp\/v2\/product\/4116","targetHints":{"allow":["GET"]}}],"collection":[{"href":"https:\/\/omni-mode.com\/de\/wp-json\/wp\/v2\/product"}],"about":[{"href":"https:\/\/omni-mode.com\/de\/wp-json\/wp\/v2\/types\/product"}],"version-history":[{"count":12,"href":"https:\/\/omni-mode.com\/de\/wp-json\/wp\/v2\/product\/4116\/revisions"}],"predecessor-version":[{"id":5479,"href":"https:\/\/omni-mode.com\/de\/wp-json\/wp\/v2\/product\/4116\/revisions\/5479"}],"wp:featuredmedia":[{"embeddable":true,"href":"https:\/\/omni-mode.com\/de\/wp-json\/wp\/v2\/media\/5230"}],"wp:attachment":[{"href":"https:\/\/omni-mode.com\/de\/wp-json\/wp\/v2\/media?parent=4116"}],"wp:term":[{"taxonomy":"product_brand","embeddable":true,"href":"https:\/\/omni-mode.com\/de\/wp-json\/wp\/v2\/product_brand?post=4116"},{"taxonomy":"product_cat","embeddable":true,"href":"https:\/\/omni-mode.com\/de\/wp-json\/wp\/v2\/product_cat?post=4116"},{"taxonomy":"product_tag","embeddable":true,"href":"https:\/\/omni-mode.com\/de\/wp-json\/wp\/v2\/product_tag?post=4116"}],"curies":[{"name":"wp","href":"https:\/\/api.w.org\/{rel}","templated":true}]}}