{"id":4120,"date":"2024-09-05T14:55:23","date_gmt":"2024-09-05T12:55:23","guid":{"rendered":"https:\/\/omni-mode.com\/?post_type=product&#038;p=4120"},"modified":"2025-08-11T11:49:58","modified_gmt":"2025-08-11T09:49:58","slug":"memorymode","status":"publish","type":"product","link":"https:\/\/omni-mode.com\/de\/shop\/memorymode\/","title":{"rendered":"MemoryMode"},"content":{"rendered":"<p>MemoryMode ist eine sorgf\u00e4ltig zusammengestellte Formel aus 10 Pflanzenextrakten, die ausgew\u00e4hlt wurden, um das Gehirn beim Behalten und Abrufen von Erinnerungen zu unterst\u00fctzen. Das Abrufen des Ged\u00e4chtnisses ist vor allem f\u00fcr Studenten wichtig, wenn sie Pr\u00fcfungen ablegen. F\u00fcr Erwachsene ist MemoryMode ein wertvolles Hilfsmittel, um den Kopf frei zu bekommen und ihn scharf zu halten.<\/p>\n<p style=\"font-weight: 400;\">Unsere Produkte werden ausschlie\u00dflich von unserem Lieferanten Adama'H in Italien hergestellt, der nach dem internationalen HACCP-Konzept zertifiziert ist und \u00fcber alle erforderlichen Zulassungen gem\u00e4\u00df den strengen italienischen Vorschriften f\u00fcr die Lebensmittelversorgung verf\u00fcgt. Dar\u00fcber hinaus hat OmniMode Sarl. unsere Produkte unter der Luxemburger Veterin\u00e4r- und Lebensmittelbeh\u00f6rde (ALVA) zertifiziert.<\/p>\n<p style=\"font-weight: 400;\">In den letzten Hunderten von Jahren haben viele Menschen die positiven und n\u00fctzlichen Auswirkungen von Pflanzen auf den menschlichen K\u00f6rper erkannt.<\/p>\n<p style=\"font-weight: 400;\">Pflanzen lernen tagt\u00e4glich, sich vor schlechtem Wetter, Umweltverschmutzung, zu viel Sonne und Wassermangel zu sch\u00fctzen, denn sie k\u00f6nnen nicht fliehen (wie es Tiere tun w\u00fcrden), sondern sind gezwungen, sich an ihre Umwelt anzupassen. Daher finden wir in ihnen Substanzen mit gesunden Eigenschaften (die aus einem langen Prozess der Selbstverteidigung entstanden sind), die seit der Antike bekannt sind und genutzt werden.<\/p>\n<p style=\"font-weight: 400;\">Eine hocheffiziente Extraktionsmethode erm\u00f6glicht <strong>keine Konservierungsmittel, Aromastoffe, Zucker und Farbstoffe zu verwenden<\/strong>So werden nur Naturprodukte aus wildwachsenden\/organischen Pflanzen verwendet, die in ihrer nat\u00fcrlichen Umgebung gewachsen sind.<\/p>\n<p style=\"font-weight: 400;\"><strong><u>MemoryMode Zutaten:<\/u><\/strong><\/p>\n<p style=\"font-weight: 400;\">Passiflora, Rhodiola, Withania, Ingwer, Lavandula, Zimt, Rosmarinus, Melisse, Pfefferminze, Safran, pflanzliches Glycerin, Zitronens\u00e4ure.<\/p>","protected":false},"excerpt":{"rendered":"<p>Eine Packung mit einer 30-ml-Flasche mit Tropfspender.<\/p>","protected":false},"featured_media":5231,"template":"","meta":{"_acf_changed":false},"product_brand":[],"product_cat":[22],"product_tag":[],"class_list":{"0":"post-4120","1":"product","2":"type-product","3":"status-publish","4":"has-post-thumbnail","6":"product_cat-products","8":"first","9":"instock","10":"taxable","11":"shipping-taxable","12":"purchasable","13":"product-type-variable","14":"has-default-attributes"},"acf":[],"yoast_head":"<!-- This site is optimized with the Yoast SEO plugin v27.4 - https:\/\/yoast.com\/product\/yoast-seo-wordpress\/ -->\n<title>MemoryMode | OmniMode<\/title>\n<meta name=\"robots\" content=\"index, follow, max-snippet:-1, max-image-preview:large, max-video-preview:-1\" \/>\n<link rel=\"canonical\" href=\"https:\/\/omni-mode.com\/de\/shop\/memorymode\/\" \/>\n<meta property=\"og:locale\" content=\"de_DE\" \/>\n<meta property=\"og:type\" content=\"article\" \/>\n<meta property=\"og:title\" content=\"MemoryMode | OmniMode\" \/>\n<meta property=\"og:description\" content=\"A package containing one 30ml bottle with dropper dispenser.\" \/>\n<meta property=\"og:url\" content=\"https:\/\/omni-mode.com\/de\/shop\/memorymode\/\" \/>\n<meta property=\"og:site_name\" content=\"OmniMode\" \/>\n<meta property=\"article:modified_time\" content=\"2025-08-11T09:49:58+00:00\" \/>\n<meta property=\"og:image\" content=\"https:\/\/omni-mode.com\/wp-content\/uploads\/memorymode-gradient.webp\" \/>\n\t<meta property=\"og:image:width\" content=\"1024\" \/>\n\t<meta property=\"og:image:height\" content=\"1024\" \/>\n\t<meta property=\"og:image:type\" content=\"image\/webp\" \/>\n<meta name=\"twitter:card\" content=\"summary_large_image\" \/>\n<meta name=\"twitter:label1\" content=\"Gesch\u00e4tzte Lesezeit\" \/>\n\t<meta name=\"twitter:data1\" content=\"2\u00a0Minuten\" \/>\n<script type=\"application\/ld+json\" class=\"yoast-schema-graph\">{\"@context\":\"https:\\\/\\\/schema.org\",\"@graph\":[{\"@type\":\"WebPage\",\"@id\":\"https:\\\/\\\/omni-mode.com\\\/shop\\\/memorymode\\\/\",\"url\":\"https:\\\/\\\/omni-mode.com\\\/shop\\\/memorymode\\\/\",\"name\":\"MemoryMode | OmniMode\",\"isPartOf\":{\"@id\":\"https:\\\/\\\/omni-mode.com\\\/#website\"},\"primaryImageOfPage\":{\"@id\":\"https:\\\/\\\/omni-mode.com\\\/shop\\\/memorymode\\\/#primaryimage\"},\"image\":{\"@id\":\"https:\\\/\\\/omni-mode.com\\\/shop\\\/memorymode\\\/#primaryimage\"},\"thumbnailUrl\":\"https:\\\/\\\/omni-mode.com\\\/wp-content\\\/uploads\\\/memorymode-gradient.webp\",\"datePublished\":\"2024-09-05T12:55:23+00:00\",\"dateModified\":\"2025-08-11T09:49:58+00:00\",\"breadcrumb\":{\"@id\":\"https:\\\/\\\/omni-mode.com\\\/shop\\\/memorymode\\\/#breadcrumb\"},\"inLanguage\":\"de\",\"potentialAction\":[{\"@type\":\"ReadAction\",\"target\":[\"https:\\\/\\\/omni-mode.com\\\/shop\\\/memorymode\\\/\"]}]},{\"@type\":\"ImageObject\",\"inLanguage\":\"de\",\"@id\":\"https:\\\/\\\/omni-mode.com\\\/shop\\\/memorymode\\\/#primaryimage\",\"url\":\"https:\\\/\\\/omni-mode.com\\\/wp-content\\\/uploads\\\/memorymode-gradient.webp\",\"contentUrl\":\"https:\\\/\\\/omni-mode.com\\\/wp-content\\\/uploads\\\/memorymode-gradient.webp\",\"width\":1024,\"height\":1024},{\"@type\":\"BreadcrumbList\",\"@id\":\"https:\\\/\\\/omni-mode.com\\\/shop\\\/memorymode\\\/#breadcrumb\",\"itemListElement\":[{\"@type\":\"ListItem\",\"position\":1,\"name\":\"Home\",\"item\":\"https:\\\/\\\/omni-mode.com\\\/\"},{\"@type\":\"ListItem\",\"position\":2,\"name\":\"Shop\",\"item\":\"https:\\\/\\\/omni-mode.com\\\/shop\\\/\"},{\"@type\":\"ListItem\",\"position\":3,\"name\":\"Products\",\"item\":\"https:\\\/\\\/omni-mode.com\\\/category\\\/products\\\/\"},{\"@type\":\"ListItem\",\"position\":4,\"name\":\"MemoryMode\"}]},{\"@type\":\"WebSite\",\"@id\":\"https:\\\/\\\/omni-mode.com\\\/#website\",\"url\":\"https:\\\/\\\/omni-mode.com\\\/\",\"name\":\"OmniMode\",\"description\":\"\",\"publisher\":{\"@id\":\"https:\\\/\\\/omni-mode.com\\\/#organization\"},\"potentialAction\":[{\"@type\":\"SearchAction\",\"target\":{\"@type\":\"EntryPoint\",\"urlTemplate\":\"https:\\\/\\\/omni-mode.com\\\/?s={search_term_string}\"},\"query-input\":{\"@type\":\"PropertyValueSpecification\",\"valueRequired\":true,\"valueName\":\"search_term_string\"}}],\"inLanguage\":\"de\"},{\"@type\":\"Organization\",\"@id\":\"https:\\\/\\\/omni-mode.com\\\/#organization\",\"name\":\"OmniMode\",\"url\":\"https:\\\/\\\/omni-mode.com\\\/\",\"logo\":{\"@type\":\"ImageObject\",\"inLanguage\":\"de\",\"@id\":\"https:\\\/\\\/omni-mode.com\\\/#\\\/schema\\\/logo\\\/image\\\/\",\"url\":\"https:\\\/\\\/omni-mode.com\\\/wp-content\\\/uploads\\\/logo-2.png\",\"contentUrl\":\"https:\\\/\\\/omni-mode.com\\\/wp-content\\\/uploads\\\/logo-2.png\",\"width\":800,\"height\":785,\"caption\":\"OmniMode\"},\"image\":{\"@id\":\"https:\\\/\\\/omni-mode.com\\\/#\\\/schema\\\/logo\\\/image\\\/\"}}]}<\/script>\n<!-- \/ Yoast SEO plugin. -->","yoast_head_json":{"title":"SpeicherModus | OmniModus","robots":{"index":"index","follow":"follow","max-snippet":"max-snippet:-1","max-image-preview":"max-image-preview:large","max-video-preview":"max-video-preview:-1"},"canonical":"https:\/\/omni-mode.com\/de\/shop\/memorymode\/","og_locale":"de_DE","og_type":"article","og_title":"MemoryMode | OmniMode","og_description":"A package containing one 30ml bottle with dropper dispenser.","og_url":"https:\/\/omni-mode.com\/de\/shop\/memorymode\/","og_site_name":"OmniMode","article_modified_time":"2025-08-11T09:49:58+00:00","og_image":[{"width":1024,"height":1024,"url":"https:\/\/omni-mode.com\/wp-content\/uploads\/memorymode-gradient.webp","type":"image\/webp"}],"twitter_card":"summary_large_image","twitter_misc":{"Gesch\u00e4tzte Lesezeit":"2\u00a0Minuten"},"schema":{"@context":"https:\/\/schema.org","@graph":[{"@type":"WebPage","@id":"https:\/\/omni-mode.com\/shop\/memorymode\/","url":"https:\/\/omni-mode.com\/shop\/memorymode\/","name":"SpeicherModus | OmniModus","isPartOf":{"@id":"https:\/\/omni-mode.com\/#website"},"primaryImageOfPage":{"@id":"https:\/\/omni-mode.com\/shop\/memorymode\/#primaryimage"},"image":{"@id":"https:\/\/omni-mode.com\/shop\/memorymode\/#primaryimage"},"thumbnailUrl":"https:\/\/omni-mode.com\/wp-content\/uploads\/memorymode-gradient.webp","datePublished":"2024-09-05T12:55:23+00:00","dateModified":"2025-08-11T09:49:58+00:00","breadcrumb":{"@id":"https:\/\/omni-mode.com\/shop\/memorymode\/#breadcrumb"},"inLanguage":"de","potentialAction":[{"@type":"ReadAction","target":["https:\/\/omni-mode.com\/shop\/memorymode\/"]}]},{"@type":"ImageObject","inLanguage":"de","@id":"https:\/\/omni-mode.com\/shop\/memorymode\/#primaryimage","url":"https:\/\/omni-mode.com\/wp-content\/uploads\/memorymode-gradient.webp","contentUrl":"https:\/\/omni-mode.com\/wp-content\/uploads\/memorymode-gradient.webp","width":1024,"height":1024},{"@type":"BreadcrumbList","@id":"https:\/\/omni-mode.com\/shop\/memorymode\/#breadcrumb","itemListElement":[{"@type":"ListItem","position":1,"name":"Home","item":"https:\/\/omni-mode.com\/"},{"@type":"ListItem","position":2,"name":"Shop","item":"https:\/\/omni-mode.com\/shop\/"},{"@type":"ListItem","position":3,"name":"Products","item":"https:\/\/omni-mode.com\/category\/products\/"},{"@type":"ListItem","position":4,"name":"MemoryMode"}]},{"@type":"WebSite","@id":"https:\/\/omni-mode.com\/#website","url":"https:\/\/omni-mode.com\/","name":"OmniMode","description":"","publisher":{"@id":"https:\/\/omni-mode.com\/#organization"},"potentialAction":[{"@type":"SearchAction","target":{"@type":"EntryPoint","urlTemplate":"https:\/\/omni-mode.com\/?s={search_term_string}"},"query-input":{"@type":"PropertyValueSpecification","valueRequired":true,"valueName":"search_term_string"}}],"inLanguage":"de"},{"@type":"Organization","@id":"https:\/\/omni-mode.com\/#organization","name":"OmniMode","url":"https:\/\/omni-mode.com\/","logo":{"@type":"ImageObject","inLanguage":"de","@id":"https:\/\/omni-mode.com\/#\/schema\/logo\/image\/","url":"https:\/\/omni-mode.com\/wp-content\/uploads\/logo-2.png","contentUrl":"https:\/\/omni-mode.com\/wp-content\/uploads\/logo-2.png","width":800,"height":785,"caption":"OmniMode"},"image":{"@id":"https:\/\/omni-mode.com\/#\/schema\/logo\/image\/"}}]}},"_links":{"self":[{"href":"https:\/\/omni-mode.com\/de\/wp-json\/wp\/v2\/product\/4120","targetHints":{"allow":["GET"]}}],"collection":[{"href":"https:\/\/omni-mode.com\/de\/wp-json\/wp\/v2\/product"}],"about":[{"href":"https:\/\/omni-mode.com\/de\/wp-json\/wp\/v2\/types\/product"}],"version-history":[{"count":5,"href":"https:\/\/omni-mode.com\/de\/wp-json\/wp\/v2\/product\/4120\/revisions"}],"predecessor-version":[{"id":5476,"href":"https:\/\/omni-mode.com\/de\/wp-json\/wp\/v2\/product\/4120\/revisions\/5476"}],"wp:featuredmedia":[{"embeddable":true,"href":"https:\/\/omni-mode.com\/de\/wp-json\/wp\/v2\/media\/5231"}],"wp:attachment":[{"href":"https:\/\/omni-mode.com\/de\/wp-json\/wp\/v2\/media?parent=4120"}],"wp:term":[{"taxonomy":"product_brand","embeddable":true,"href":"https:\/\/omni-mode.com\/de\/wp-json\/wp\/v2\/product_brand?post=4120"},{"taxonomy":"product_cat","embeddable":true,"href":"https:\/\/omni-mode.com\/de\/wp-json\/wp\/v2\/product_cat?post=4120"},{"taxonomy":"product_tag","embeddable":true,"href":"https:\/\/omni-mode.com\/de\/wp-json\/wp\/v2\/product_tag?post=4120"}],"curies":[{"name":"wp","href":"https:\/\/api.w.org\/{rel}","templated":true}]}}