{"id":5274,"date":"2025-01-22T12:45:04","date_gmt":"2025-01-22T11:45:04","guid":{"rendered":"https:\/\/omni-mode.com\/?page_id=5274"},"modified":"2025-01-22T12:46:23","modified_gmt":"2025-01-22T11:46:23","slug":"disclaimer","status":"publish","type":"page","link":"https:\/\/omni-mode.com\/fr\/disclaimer\/","title":{"rendered":"Clause de non-responsabilit\u00e9"},"content":{"rendered":"<div data-elementor-type=\"wp-page\" data-elementor-id=\"5274\" class=\"elementor elementor-5274\" data-elementor-post-type=\"page\">\n\t\t\t\t<div class=\"elementor-element elementor-element-fcdc837 e-flex e-con-boxed e-con e-parent\" data-id=\"fcdc837\" data-element_type=\"container\" data-e-type=\"container\" data-settings=\"{&quot;background_background&quot;:&quot;classic&quot;}\">\n\t\t\t\t\t<div class=\"e-con-inner\">\n\t\t\t\t\t<\/div>\n\t\t\t\t<\/div>\n\t\t<div class=\"elementor-element elementor-element-6a638cf e-flex e-con-boxed e-con e-parent\" data-id=\"6a638cf\" data-element_type=\"container\" data-e-type=\"container\" data-settings=\"{&quot;background_background&quot;:&quot;classic&quot;}\">\n\t\t\t\t\t<div class=\"e-con-inner\">\n\t\t\t\t<div class=\"elementor-element elementor-element-4d442e1 elementor-align-left elementor-mobile-align-left elementor-widget elementor-widget-breadcrumbs\" data-id=\"4d442e1\" data-element_type=\"widget\" data-e-type=\"widget\" data-widget_type=\"breadcrumbs.default\">\n\t\t\t\t<div class=\"elementor-widget-container\">\n\t\t\t\t\t<p id=\"breadcrumbs\"><span><span><a href=\"https:\/\/omni-mode.com\/fr\/\">Accueil<\/a><\/span><\/span><\/p>\t\t\t\t<\/div>\n\t\t\t\t<\/div>\n\t\t\t\t\t<\/div>\n\t\t\t\t<\/div>\n\t\t<div class=\"elementor-element elementor-element-03a1682 e-flex e-con-boxed elementor-invisible e-con e-parent\" data-id=\"03a1682\" data-element_type=\"container\" data-e-type=\"container\" data-settings=\"{&quot;background_background&quot;:&quot;classic&quot;,&quot;animation&quot;:&quot;fadeInUp&quot;}\">\n\t\t\t\t\t<div class=\"e-con-inner\">\n\t\t\t\t<div class=\"elementor-element elementor-element-4ffb767 elementor-widget elementor-widget-text-editor\" data-id=\"4ffb767\" data-element_type=\"widget\" data-e-type=\"widget\" data-widget_type=\"text-editor.default\">\n\t\t\t\t<div class=\"elementor-widget-container\">\n\t\t\t\t\t\t\t\t\t<p style=\"font-weight: 400;\">Veuillez lire attentivement cette clause de non-responsabilit\u00e9 avant de consommer l'un de nos produits.<\/p><ul style=\"font-weight: 400;\"><li>\u00a0Cette clause de non-responsabilit\u00e9 ne doit pas \u00eatre consid\u00e9r\u00e9e comme un substitut \u00e0 la consultation d'un professionnel de la sant\u00e9. Ne prenez pas nos compl\u00e9ments alimentaires si vous \u00eates allergique \u00e0 l'un des ingr\u00e9dients mentionn\u00e9s sur l'emballage du produit.<\/li><li>\u00a0Nos produits sont fabriqu\u00e9s \u00e0 partir d'ingr\u00e9dients naturels, selon les normes de qualit\u00e9 les plus strictes. Cependant, la tol\u00e9rance et les r\u00e9actions aux compl\u00e9ments alimentaires peuvent varier d'un individu \u00e0 l'autre. Nous ne garantissons pas les r\u00e9sultats individuels et ne sommes pas responsables des effets secondaires inattendus.<\/li><li>\u00a0Veuillez lire attentivement la liste des ingr\u00e9dients et les instructions d'utilisation figurant sur l'emballage avant d'utiliser le produit.<\/li><li>\u00a0Les produits doivent \u00eatre conserv\u00e9s et tenus hors de port\u00e9e des enfants. Ne pas administrer aux enfants de moins de 3 ans.<\/li><li>\u00a0Les produits OmniMode ne sont pas destin\u00e9s \u00e0 gu\u00e9rir, traiter ou pr\u00e9venir une quelconque condition ou maladie ; ils ne doivent pas non plus \u00eatre utilis\u00e9s comme substitut \u00e0 un r\u00e9gime alimentaire \u00e9quilibr\u00e9 ou \u00e0 un mode de vie sain.<\/li><li>\u00a0Ne prenez pas ces produits si vous \u00eates allergique \u00e0 l'un des ingr\u00e9dients mentionn\u00e9s sur l'emballage du produit. Si vous prenez des m\u00e9dicaments, si vous \u00eates enceinte ou si vous allaitez, consultez votre professionnel de la sant\u00e9.<\/li><li>OmniMode Sarl. fournit des compl\u00e9ments alimentaires naturels de haute qualit\u00e9, qui n'ont pas \u00e9t\u00e9 \u00e9valu\u00e9s par l'Agence europ\u00e9enne du m\u00e9dicament EMA.<\/li><li>\u00a0Ne pas d\u00e9passer les doses journali\u00e8res recommand\u00e9es.<\/li><li>\u00a0En utilisant l'un de nos produits, vous reconnaissez que vous \u00eates d'accord avec cette clause de non-responsabilit\u00e9 et que vous en acceptez les termes. Si vous n'\u00eates pas d'accord avec ces conditions, veuillez vous abstenir d'utiliser nos produits.<\/li><li>\u00a0N'h\u00e9sitez pas \u00e0 nous contacter si vous avez des questions ou si vous avez besoin de plus d'informations.<\/li><\/ul>\t\t\t\t\t\t\t\t<\/div>\n\t\t\t\t<\/div>\n\t\t\t\t\t<\/div>\n\t\t\t\t<\/div>\n\t\t\t\t<\/div>","protected":false},"excerpt":{"rendered":"<p>Please read this disclaimer carefully before consuming any of our products. \u00a0This disclaimer should not be considered a substitute for consulting a health care professional. Do not take our food supplements products if you are allergic to any of the ingredients listed on the product packaging. \u00a0Our products are produced from natural ingredients, following the [&hellip;]<\/p>\n","protected":false},"author":1,"featured_media":0,"parent":0,"menu_order":0,"comment_status":"closed","ping_status":"closed","template":"","meta":{"_acf_changed":false,"footnotes":""},"class_list":["post-5274","page","type-page","status-publish","hentry"],"acf":[],"yoast_head":"<!-- This site is optimized with the Yoast SEO plugin v27.4 - https:\/\/yoast.com\/product\/yoast-seo-wordpress\/ -->\n<title>Disclaimer | OmniMode<\/title>\n<meta name=\"robots\" content=\"index, follow, max-snippet:-1, max-image-preview:large, max-video-preview:-1\" \/>\n<link rel=\"canonical\" href=\"https:\/\/omni-mode.com\/fr\/disclaimer\/\" \/>\n<meta property=\"og:locale\" content=\"fr_FR\" \/>\n<meta property=\"og:type\" content=\"article\" \/>\n<meta property=\"og:title\" content=\"Disclaimer | OmniMode\" \/>\n<meta property=\"og:description\" content=\"Please read this disclaimer carefully before consuming any of our products. \u00a0This disclaimer should not be considered a substitute for consulting a health care professional. Do not take our food supplements products if you are allergic to any of the ingredients listed on the product packaging. \u00a0Our products are produced from natural ingredients, following the [&hellip;]\" \/>\n<meta property=\"og:url\" content=\"https:\/\/omni-mode.com\/fr\/disclaimer\/\" \/>\n<meta property=\"og:site_name\" content=\"OmniMode\" \/>\n<meta property=\"article:modified_time\" content=\"2025-01-22T11:46:23+00:00\" \/>\n<meta name=\"twitter:card\" content=\"summary_large_image\" \/>\n<meta name=\"twitter:label1\" content=\"Dur\u00e9e de lecture estim\u00e9e\" \/>\n\t<meta name=\"twitter:data1\" content=\"2 minutes\" \/>\n<script type=\"application\/ld+json\" class=\"yoast-schema-graph\">{\"@context\":\"https:\\\/\\\/schema.org\",\"@graph\":[{\"@type\":\"WebPage\",\"@id\":\"https:\\\/\\\/omni-mode.com\\\/disclaimer\\\/\",\"url\":\"https:\\\/\\\/omni-mode.com\\\/disclaimer\\\/\",\"name\":\"Disclaimer | OmniMode\",\"isPartOf\":{\"@id\":\"https:\\\/\\\/omni-mode.com\\\/#website\"},\"datePublished\":\"2025-01-22T11:45:04+00:00\",\"dateModified\":\"2025-01-22T11:46:23+00:00\",\"breadcrumb\":{\"@id\":\"https:\\\/\\\/omni-mode.com\\\/disclaimer\\\/#breadcrumb\"},\"inLanguage\":\"fr-FR\",\"potentialAction\":[{\"@type\":\"ReadAction\",\"target\":[\"https:\\\/\\\/omni-mode.com\\\/disclaimer\\\/\"]}]},{\"@type\":\"BreadcrumbList\",\"@id\":\"https:\\\/\\\/omni-mode.com\\\/disclaimer\\\/#breadcrumb\",\"itemListElement\":[{\"@type\":\"ListItem\",\"position\":1,\"name\":\"Home\",\"item\":\"https:\\\/\\\/omni-mode.com\\\/\"},{\"@type\":\"ListItem\",\"position\":2,\"name\":\"Disclaimer\"}]},{\"@type\":\"WebSite\",\"@id\":\"https:\\\/\\\/omni-mode.com\\\/#website\",\"url\":\"https:\\\/\\\/omni-mode.com\\\/\",\"name\":\"OmniMode\",\"description\":\"\",\"publisher\":{\"@id\":\"https:\\\/\\\/omni-mode.com\\\/#organization\"},\"potentialAction\":[{\"@type\":\"SearchAction\",\"target\":{\"@type\":\"EntryPoint\",\"urlTemplate\":\"https:\\\/\\\/omni-mode.com\\\/?s={search_term_string}\"},\"query-input\":{\"@type\":\"PropertyValueSpecification\",\"valueRequired\":true,\"valueName\":\"search_term_string\"}}],\"inLanguage\":\"fr-FR\"},{\"@type\":\"Organization\",\"@id\":\"https:\\\/\\\/omni-mode.com\\\/#organization\",\"name\":\"OmniMode\",\"url\":\"https:\\\/\\\/omni-mode.com\\\/\",\"logo\":{\"@type\":\"ImageObject\",\"inLanguage\":\"fr-FR\",\"@id\":\"https:\\\/\\\/omni-mode.com\\\/#\\\/schema\\\/logo\\\/image\\\/\",\"url\":\"https:\\\/\\\/omni-mode.com\\\/wp-content\\\/uploads\\\/logo-2.png\",\"contentUrl\":\"https:\\\/\\\/omni-mode.com\\\/wp-content\\\/uploads\\\/logo-2.png\",\"width\":800,\"height\":785,\"caption\":\"OmniMode\"},\"image\":{\"@id\":\"https:\\\/\\\/omni-mode.com\\\/#\\\/schema\\\/logo\\\/image\\\/\"}}]}<\/script>\n<!-- \/ Yoast SEO plugin. -->","yoast_head_json":{"title":"Disclaimer | OmniMode","robots":{"index":"index","follow":"follow","max-snippet":"max-snippet:-1","max-image-preview":"max-image-preview:large","max-video-preview":"max-video-preview:-1"},"canonical":"https:\/\/omni-mode.com\/fr\/disclaimer\/","og_locale":"fr_FR","og_type":"article","og_title":"Disclaimer | OmniMode","og_description":"Please read this disclaimer carefully before consuming any of our products. \u00a0This disclaimer should not be considered a substitute for consulting a health care professional. Do not take our food supplements products if you are allergic to any of the ingredients listed on the product packaging. \u00a0Our products are produced from natural ingredients, following the [&hellip;]","og_url":"https:\/\/omni-mode.com\/fr\/disclaimer\/","og_site_name":"OmniMode","article_modified_time":"2025-01-22T11:46:23+00:00","twitter_card":"summary_large_image","twitter_misc":{"Dur\u00e9e de lecture estim\u00e9e":"2 minutes"},"schema":{"@context":"https:\/\/schema.org","@graph":[{"@type":"WebPage","@id":"https:\/\/omni-mode.com\/disclaimer\/","url":"https:\/\/omni-mode.com\/disclaimer\/","name":"Disclaimer | OmniMode","isPartOf":{"@id":"https:\/\/omni-mode.com\/#website"},"datePublished":"2025-01-22T11:45:04+00:00","dateModified":"2025-01-22T11:46:23+00:00","breadcrumb":{"@id":"https:\/\/omni-mode.com\/disclaimer\/#breadcrumb"},"inLanguage":"fr-FR","potentialAction":[{"@type":"ReadAction","target":["https:\/\/omni-mode.com\/disclaimer\/"]}]},{"@type":"BreadcrumbList","@id":"https:\/\/omni-mode.com\/disclaimer\/#breadcrumb","itemListElement":[{"@type":"ListItem","position":1,"name":"Home","item":"https:\/\/omni-mode.com\/"},{"@type":"ListItem","position":2,"name":"Disclaimer"}]},{"@type":"WebSite","@id":"https:\/\/omni-mode.com\/#website","url":"https:\/\/omni-mode.com\/","name":"OmniMode","description":"","publisher":{"@id":"https:\/\/omni-mode.com\/#organization"},"potentialAction":[{"@type":"SearchAction","target":{"@type":"EntryPoint","urlTemplate":"https:\/\/omni-mode.com\/?s={search_term_string}"},"query-input":{"@type":"PropertyValueSpecification","valueRequired":true,"valueName":"search_term_string"}}],"inLanguage":"fr-FR"},{"@type":"Organization","@id":"https:\/\/omni-mode.com\/#organization","name":"OmniMode","url":"https:\/\/omni-mode.com\/","logo":{"@type":"ImageObject","inLanguage":"fr-FR","@id":"https:\/\/omni-mode.com\/#\/schema\/logo\/image\/","url":"https:\/\/omni-mode.com\/wp-content\/uploads\/logo-2.png","contentUrl":"https:\/\/omni-mode.com\/wp-content\/uploads\/logo-2.png","width":800,"height":785,"caption":"OmniMode"},"image":{"@id":"https:\/\/omni-mode.com\/#\/schema\/logo\/image\/"}}]}},"_links":{"self":[{"href":"https:\/\/omni-mode.com\/fr\/wp-json\/wp\/v2\/pages\/5274","targetHints":{"allow":["GET"]}}],"collection":[{"href":"https:\/\/omni-mode.com\/fr\/wp-json\/wp\/v2\/pages"}],"about":[{"href":"https:\/\/omni-mode.com\/fr\/wp-json\/wp\/v2\/types\/page"}],"author":[{"embeddable":true,"href":"https:\/\/omni-mode.com\/fr\/wp-json\/wp\/v2\/users\/1"}],"replies":[{"embeddable":true,"href":"https:\/\/omni-mode.com\/fr\/wp-json\/wp\/v2\/comments?post=5274"}],"version-history":[{"count":0,"href":"https:\/\/omni-mode.com\/fr\/wp-json\/wp\/v2\/pages\/5274\/revisions"}],"wp:attachment":[{"href":"https:\/\/omni-mode.com\/fr\/wp-json\/wp\/v2\/media?parent=5274"}],"curies":[{"name":"wp","href":"https:\/\/api.w.org\/{rel}","templated":true}]}}