{"id":5444,"date":"2025-07-30T12:50:10","date_gmt":"2025-07-30T10:50:10","guid":{"rendered":"https:\/\/omni-mode.com\/?page_id=5444"},"modified":"2025-08-11T11:10:47","modified_gmt":"2025-08-11T09:10:47","slug":"product-information","status":"publish","type":"page","link":"https:\/\/omni-mode.com\/fr\/product-information\/","title":{"rendered":"Informations sur le produit"},"content":{"rendered":"<div data-elementor-type=\"wp-page\" data-elementor-id=\"5444\" class=\"elementor elementor-5444\" data-elementor-post-type=\"page\">\n\t\t\t\t<div class=\"elementor-element elementor-element-fcdc837 e-flex e-con-boxed e-con e-parent\" data-id=\"fcdc837\" data-element_type=\"container\" data-e-type=\"container\" data-settings=\"{&quot;background_background&quot;:&quot;classic&quot;}\">\n\t\t\t\t\t<div class=\"e-con-inner\">\n\t\t\t\t\t<\/div>\n\t\t\t\t<\/div>\n\t\t<div class=\"elementor-element elementor-element-6a638cf e-flex e-con-boxed e-con e-parent\" data-id=\"6a638cf\" data-element_type=\"container\" data-e-type=\"container\" data-settings=\"{&quot;background_background&quot;:&quot;classic&quot;}\">\n\t\t\t\t\t<div class=\"e-con-inner\">\n\t\t\t\t<div class=\"elementor-element elementor-element-4d442e1 elementor-align-left elementor-mobile-align-left elementor-widget elementor-widget-breadcrumbs\" data-id=\"4d442e1\" data-element_type=\"widget\" data-e-type=\"widget\" data-widget_type=\"breadcrumbs.default\">\n\t\t\t\t<div class=\"elementor-widget-container\">\n\t\t\t\t\t<p id=\"breadcrumbs\"><span><span><a href=\"https:\/\/omni-mode.com\/fr\/\">Accueil<\/a><\/span><\/span><\/p>\t\t\t\t<\/div>\n\t\t\t\t<\/div>\n\t\t\t\t\t<\/div>\n\t\t\t\t<\/div>\n\t\t<div class=\"elementor-element elementor-element-03a1682 e-flex e-con-boxed elementor-invisible e-con e-parent\" data-id=\"03a1682\" data-element_type=\"container\" data-e-type=\"container\" data-settings=\"{&quot;background_background&quot;:&quot;classic&quot;,&quot;animation&quot;:&quot;fadeInUp&quot;}\">\n\t\t\t\t\t<div class=\"e-con-inner\">\n\t\t<div class=\"elementor-element elementor-element-9070921 e-con-full e-flex e-con e-child\" data-id=\"9070921\" data-element_type=\"container\" data-e-type=\"container\">\n\t\t\t\t<div class=\"elementor-element elementor-element-4ffb767 elementor-widget elementor-widget-text-editor\" data-id=\"4ffb767\" data-element_type=\"widget\" data-e-type=\"widget\" data-widget_type=\"text-editor.default\">\n\t\t\t\t<div class=\"elementor-widget-container\">\n\t\t\t\t\t\t\t\t\t<p><span style=\"font-size: 11pt; caret-color: #000000; color: #000000; font-family: Calibri, sans-serif; text-align: justify; font-style: var( --e-global-typography-text-font-style ); text-decoration: var( --e-global-typography-text-text-decoration );\">Nos produits sont fabriqu\u00e9s exclusivement par notre fournisseur Adama'H en Italie, qui est certifi\u00e9 HACCP international et dispose de toutes les approbations requises en vertu des r\u00e9glementations italiennes strictes en mati\u00e8re d'approvisionnement alimentaire. En outre, OmniMode Sarl. a certifi\u00e9 nos produits aupr\u00e8s de l'Administration luxembourgeoise des produits v\u00e9t\u00e9rinaires et alimentaires (ALVA).<\/span><span style=\"font-size: 11pt; caret-color: #000000; color: #000000; font-family: Calibri, sans-serif; text-align: justify; font-style: var( --e-global-typography-text-font-style ); text-decoration: var( --e-global-typography-text-text-decoration );\">\u00a0<\/span><\/p><p style=\"margin: 0cm; font-size: medium; font-family: 'Times New Roman', serif; caret-color: #000000; color: #000000; text-align: justify;\"><span lang=\"EN-US\" style=\"font-size: 11pt; font-family: Calibri, sans-serif;\">\u00a0<\/span><\/p><p style=\"margin: 0cm; font-size: medium; font-family: 'Times New Roman', serif; caret-color: #000000; color: #000000; text-align: justify;\"><span lang=\"EN-US\" style=\"font-size: 11pt; font-family: Calibri, sans-serif;\">Depuis des centaines d'ann\u00e9es, de nombreux \u00eatres humains ont pris conscience de l'impact positif et utile de l'utilisation de l'Internet.<\/span><span style=\"font-size: 11pt; font-family: Calibri, sans-serif;\">\u00a0plantes<\/span><span lang=\"EN-US\" style=\"font-size: 11pt; font-family: Calibri, sans-serif;\">\u00a0sur le corps humain.<\/span><\/p><p style=\"margin: 0cm; font-size: medium; font-family: 'Times New Roman', serif; caret-color: #000000; color: #000000; text-align: justify;\"><span lang=\"EN-US\" style=\"font-size: 11pt; font-family: Calibri, sans-serif;\">\u00a0<\/span><\/p><p class=\"MsoNormal\" style=\"margin: 0cm; font-size: medium; font-family: Calibri, sans-serif; caret-color: #000000; color: #000000; text-align: justify;\"><span lang=\"EN-GB\" style=\"font-size: 11pt;\">Les plantes apprennent chaque jour \u00e0 se d\u00e9fendre contre les intemp\u00e9ries, la pollution, l'exc\u00e8s de soleil, le manque d'eau, car elles ne peuvent pas s'\u00e9chapper (comme le feraient les animaux), mais sont oblig\u00e9es de s'adapter \u00e0 l'environnement qui les entoure. C'est pourquoi nous trouvons en elles des substances aux propri\u00e9t\u00e9s saines (n\u00e9es d'un long processus d'autod\u00e9fense), connues et utilis\u00e9es depuis l'Antiquit\u00e9.<\/span><\/p><p class=\"MsoNormal\" style=\"margin: 0cm; font-size: medium; font-family: Calibri, sans-serif; caret-color: #000000; color: #000000; text-align: justify;\"><span lang=\"EN-GB\" style=\"font-size: 11pt;\">\u00a0<\/span><\/p><p class=\"MsoNormal\" style=\"margin: 0cm; font-size: medium; font-family: Calibri, sans-serif; caret-color: #000000; color: #000000; text-align: justify;\"><span lang=\"EN-US\" style=\"font-size: 11pt;\">Une extraction tr\u00e8s efficace<\/span><span lang=\"EN-GB\" style=\"font-size: 11pt;\">\u00a0La m\u00e9thode permet\u00a0<strong>ne pas utiliser de conservateurs, d'ar\u00f4mes, de sucres et de colorants<\/strong>Ainsi, seules des plantes sauvages\/organiques ayant pouss\u00e9 dans leur propre environnement naturel sont utilis\u00e9es pour obtenir des produits naturels.<\/span><\/p>\t\t\t\t\t\t\t\t<\/div>\n\t\t\t\t<\/div>\n\t\t\t\t<div class=\"elementor-element elementor-element-4469ea0 elementor-widget elementor-widget-heading\" data-id=\"4469ea0\" data-element_type=\"widget\" data-e-type=\"widget\" data-widget_type=\"heading.default\">\n\t\t\t\t<div class=\"elementor-widget-container\">\n\t\t\t\t\t<h3 class=\"elementor-heading-title elementor-size-default\">Mode de vol Ingr\u00e9dients : <\/h3>\t\t\t\t<\/div>\n\t\t\t\t<\/div>\n\t\t\t\t<div class=\"elementor-element elementor-element-fd3a825 elementor-widget elementor-widget-text-editor\" data-id=\"fd3a825\" data-element_type=\"widget\" data-e-type=\"widget\" data-widget_type=\"text-editor.default\">\n\t\t\t\t<div class=\"elementor-widget-container\">\n\t\t\t\t\t\t\t\t\t<p style=\"font-weight: 400;\">Withania, Ginkgo biloba, Curcuma, Mirtillo, Th\u00e9 vert, M\u00e9lisse, Cassis, Escolzia, Passiflore, Lavande, Rodiola. Glyc\u00e9rine v\u00e9g\u00e9tale, acide citrique.<\/p>\t\t\t\t\t\t\t\t<\/div>\n\t\t\t\t<\/div>\n\t\t\t\t<div class=\"elementor-element elementor-element-b804080 elementor-widget elementor-widget-heading\" data-id=\"b804080\" data-element_type=\"widget\" data-e-type=\"widget\" data-widget_type=\"heading.default\">\n\t\t\t\t<div class=\"elementor-widget-container\">\n\t\t\t\t\t<h3 class=\"elementor-heading-title elementor-size-default\">MemoryMode Ingr\u00e9dients :<\/h3>\t\t\t\t<\/div>\n\t\t\t\t<\/div>\n\t\t\t\t<div class=\"elementor-element elementor-element-935fb39 elementor-widget elementor-widget-text-editor\" data-id=\"935fb39\" data-element_type=\"widget\" data-e-type=\"widget\" data-widget_type=\"text-editor.default\">\n\t\t\t\t<div class=\"elementor-widget-container\">\n\t\t\t\t\t\t\t\t\t<p style=\"font-weight: 400;\">Passiflore, Rhodiola, Withania, Gingembre, Lavandula, Cannelle, Rosmarinus, Melissa, Menthe poivr\u00e9e, Safran, Glyc\u00e9rine v\u00e9g\u00e9tale, Acide citrique.<\/p>\t\t\t\t\t\t\t\t<\/div>\n\t\t\t\t<\/div>\n\t\t<div class=\"elementor-element elementor-element-2d4d660 e-con-full e-flex e-con e-child\" data-id=\"2d4d660\" data-element_type=\"container\" data-e-type=\"container\">\n\t\t\t\t<\/div>\n\t\t<div class=\"elementor-element elementor-element-f86d233 e-con-full e-flex e-con e-child\" data-id=\"f86d233\" data-element_type=\"container\" data-e-type=\"container\">\n\t\t\t\t<\/div>\n\t\t<div class=\"elementor-element elementor-element-514be44 e-con-full e-flex e-con e-child\" data-id=\"514be44\" data-element_type=\"container\" data-e-type=\"container\">\n\t\t\t\t<\/div>\n\t\t<div class=\"elementor-element elementor-element-aa6e8d8 e-con-full e-flex e-con e-child\" data-id=\"aa6e8d8\" data-element_type=\"container\" data-e-type=\"container\">\n\t\t\t\t<\/div>\n\t\t<div class=\"elementor-element elementor-element-954ea00 e-con-full e-flex e-con e-child\" data-id=\"954ea00\" data-element_type=\"container\" data-e-type=\"container\">\n\t\t\t\t<\/div>\n\t\t<div class=\"elementor-element elementor-element-07745d2 e-con-full e-flex e-con e-child\" data-id=\"07745d2\" data-element_type=\"container\" data-e-type=\"container\">\n\t\t\t\t<\/div>\n\t\t<div class=\"elementor-element elementor-element-aae293b e-con-full e-flex e-con e-child\" data-id=\"aae293b\" data-element_type=\"container\" data-e-type=\"container\">\n\t\t\t\t<\/div>\n\t\t<div class=\"elementor-element elementor-element-477842c e-con-full e-flex e-con e-child\" data-id=\"477842c\" data-element_type=\"container\" data-e-type=\"container\">\n\t\t\t\t<\/div>\n\t\t<div class=\"elementor-element elementor-element-fc636d4 e-con-full e-flex e-con e-child\" data-id=\"fc636d4\" data-element_type=\"container\" data-e-type=\"container\">\n\t\t\t\t<div class=\"elementor-element elementor-element-3ab9b74 elementor-widget elementor-widget-heading\" data-id=\"3ab9b74\" data-element_type=\"widget\" data-e-type=\"widget\" data-widget_type=\"heading.default\">\n\t\t\t\t<div class=\"elementor-widget-container\">\n\t\t\t\t\t<h3 class=\"elementor-heading-title elementor-size-default\"> <\/h3>\t\t\t\t<\/div>\n\t\t\t\t<\/div>\n\t\t\t\t<\/div>\n\t\t\t\t<\/div>\n\t\t\t\t\t<\/div>\n\t\t\t\t<\/div>\n\t\t\t\t<\/div>","protected":false},"excerpt":{"rendered":"<p>Our products are produced exclusively by our supplier Adama\u2019H in Italy, who is HACCP international certified and has all required approvals under the strict Italian regulations for food supplies. Additionally, OmniMode Sarl. has certified our products under Luxembourg Veterinary and Food Administration (ALVA).\u00a0 \u00a0 For the past hundreds of years many humans have realized the [&hellip;]<\/p>\n","protected":false},"author":2,"featured_media":0,"parent":0,"menu_order":0,"comment_status":"closed","ping_status":"closed","template":"","meta":{"_acf_changed":false,"footnotes":""},"class_list":["post-5444","page","type-page","status-publish","hentry"],"acf":[],"yoast_head":"<!-- This site is optimized with the Yoast SEO plugin v27.4 - https:\/\/yoast.com\/product\/yoast-seo-wordpress\/ -->\n<title>Product Information | OmniMode<\/title>\n<meta name=\"robots\" content=\"index, follow, max-snippet:-1, max-image-preview:large, max-video-preview:-1\" \/>\n<link rel=\"canonical\" href=\"https:\/\/omni-mode.com\/fr\/product-information\/\" \/>\n<meta property=\"og:locale\" content=\"fr_FR\" \/>\n<meta property=\"og:type\" content=\"article\" \/>\n<meta property=\"og:title\" content=\"Product Information | OmniMode\" \/>\n<meta property=\"og:description\" content=\"Our products are produced exclusively by our supplier Adama\u2019H in Italy, who is HACCP international certified and has all required approvals under the strict Italian regulations for food supplies. Additionally, OmniMode Sarl. has certified our products under Luxembourg Veterinary and Food Administration (ALVA).\u00a0 \u00a0 For the past hundreds of years many humans have realized the [&hellip;]\" \/>\n<meta property=\"og:url\" content=\"https:\/\/omni-mode.com\/fr\/product-information\/\" \/>\n<meta property=\"og:site_name\" content=\"OmniMode\" \/>\n<meta property=\"article:modified_time\" content=\"2025-08-11T09:10:47+00:00\" \/>\n<meta name=\"twitter:card\" content=\"summary_large_image\" \/>\n<meta name=\"twitter:label1\" content=\"Dur\u00e9e de lecture estim\u00e9e\" \/>\n\t<meta name=\"twitter:data1\" content=\"1 minute\" \/>\n<script type=\"application\/ld+json\" class=\"yoast-schema-graph\">{\"@context\":\"https:\\\/\\\/schema.org\",\"@graph\":[{\"@type\":\"WebPage\",\"@id\":\"https:\\\/\\\/omni-mode.com\\\/product-information\\\/\",\"url\":\"https:\\\/\\\/omni-mode.com\\\/product-information\\\/\",\"name\":\"Product Information | OmniMode\",\"isPartOf\":{\"@id\":\"https:\\\/\\\/omni-mode.com\\\/#website\"},\"datePublished\":\"2025-07-30T10:50:10+00:00\",\"dateModified\":\"2025-08-11T09:10:47+00:00\",\"breadcrumb\":{\"@id\":\"https:\\\/\\\/omni-mode.com\\\/product-information\\\/#breadcrumb\"},\"inLanguage\":\"fr-FR\",\"potentialAction\":[{\"@type\":\"ReadAction\",\"target\":[\"https:\\\/\\\/omni-mode.com\\\/product-information\\\/\"]}]},{\"@type\":\"BreadcrumbList\",\"@id\":\"https:\\\/\\\/omni-mode.com\\\/product-information\\\/#breadcrumb\",\"itemListElement\":[{\"@type\":\"ListItem\",\"position\":1,\"name\":\"Home\",\"item\":\"https:\\\/\\\/omni-mode.com\\\/\"},{\"@type\":\"ListItem\",\"position\":2,\"name\":\"Product Information\"}]},{\"@type\":\"WebSite\",\"@id\":\"https:\\\/\\\/omni-mode.com\\\/#website\",\"url\":\"https:\\\/\\\/omni-mode.com\\\/\",\"name\":\"OmniMode\",\"description\":\"\",\"publisher\":{\"@id\":\"https:\\\/\\\/omni-mode.com\\\/#organization\"},\"potentialAction\":[{\"@type\":\"SearchAction\",\"target\":{\"@type\":\"EntryPoint\",\"urlTemplate\":\"https:\\\/\\\/omni-mode.com\\\/?s={search_term_string}\"},\"query-input\":{\"@type\":\"PropertyValueSpecification\",\"valueRequired\":true,\"valueName\":\"search_term_string\"}}],\"inLanguage\":\"fr-FR\"},{\"@type\":\"Organization\",\"@id\":\"https:\\\/\\\/omni-mode.com\\\/#organization\",\"name\":\"OmniMode\",\"url\":\"https:\\\/\\\/omni-mode.com\\\/\",\"logo\":{\"@type\":\"ImageObject\",\"inLanguage\":\"fr-FR\",\"@id\":\"https:\\\/\\\/omni-mode.com\\\/#\\\/schema\\\/logo\\\/image\\\/\",\"url\":\"https:\\\/\\\/omni-mode.com\\\/wp-content\\\/uploads\\\/logo-2.png\",\"contentUrl\":\"https:\\\/\\\/omni-mode.com\\\/wp-content\\\/uploads\\\/logo-2.png\",\"width\":800,\"height\":785,\"caption\":\"OmniMode\"},\"image\":{\"@id\":\"https:\\\/\\\/omni-mode.com\\\/#\\\/schema\\\/logo\\\/image\\\/\"}}]}<\/script>\n<!-- \/ Yoast SEO plugin. -->","yoast_head_json":{"title":"Product Information | OmniMode","robots":{"index":"index","follow":"follow","max-snippet":"max-snippet:-1","max-image-preview":"max-image-preview:large","max-video-preview":"max-video-preview:-1"},"canonical":"https:\/\/omni-mode.com\/fr\/product-information\/","og_locale":"fr_FR","og_type":"article","og_title":"Product Information | OmniMode","og_description":"Our products are produced exclusively by our supplier Adama\u2019H in Italy, who is HACCP international certified and has all required approvals under the strict Italian regulations for food supplies. Additionally, OmniMode Sarl. has certified our products under Luxembourg Veterinary and Food Administration (ALVA).\u00a0 \u00a0 For the past hundreds of years many humans have realized the [&hellip;]","og_url":"https:\/\/omni-mode.com\/fr\/product-information\/","og_site_name":"OmniMode","article_modified_time":"2025-08-11T09:10:47+00:00","twitter_card":"summary_large_image","twitter_misc":{"Dur\u00e9e de lecture estim\u00e9e":"1 minute"},"schema":{"@context":"https:\/\/schema.org","@graph":[{"@type":"WebPage","@id":"https:\/\/omni-mode.com\/product-information\/","url":"https:\/\/omni-mode.com\/product-information\/","name":"Product Information | OmniMode","isPartOf":{"@id":"https:\/\/omni-mode.com\/#website"},"datePublished":"2025-07-30T10:50:10+00:00","dateModified":"2025-08-11T09:10:47+00:00","breadcrumb":{"@id":"https:\/\/omni-mode.com\/product-information\/#breadcrumb"},"inLanguage":"fr-FR","potentialAction":[{"@type":"ReadAction","target":["https:\/\/omni-mode.com\/product-information\/"]}]},{"@type":"BreadcrumbList","@id":"https:\/\/omni-mode.com\/product-information\/#breadcrumb","itemListElement":[{"@type":"ListItem","position":1,"name":"Home","item":"https:\/\/omni-mode.com\/"},{"@type":"ListItem","position":2,"name":"Product Information"}]},{"@type":"WebSite","@id":"https:\/\/omni-mode.com\/#website","url":"https:\/\/omni-mode.com\/","name":"OmniMode","description":"","publisher":{"@id":"https:\/\/omni-mode.com\/#organization"},"potentialAction":[{"@type":"SearchAction","target":{"@type":"EntryPoint","urlTemplate":"https:\/\/omni-mode.com\/?s={search_term_string}"},"query-input":{"@type":"PropertyValueSpecification","valueRequired":true,"valueName":"search_term_string"}}],"inLanguage":"fr-FR"},{"@type":"Organization","@id":"https:\/\/omni-mode.com\/#organization","name":"OmniMode","url":"https:\/\/omni-mode.com\/","logo":{"@type":"ImageObject","inLanguage":"fr-FR","@id":"https:\/\/omni-mode.com\/#\/schema\/logo\/image\/","url":"https:\/\/omni-mode.com\/wp-content\/uploads\/logo-2.png","contentUrl":"https:\/\/omni-mode.com\/wp-content\/uploads\/logo-2.png","width":800,"height":785,"caption":"OmniMode"},"image":{"@id":"https:\/\/omni-mode.com\/#\/schema\/logo\/image\/"}}]}},"_links":{"self":[{"href":"https:\/\/omni-mode.com\/fr\/wp-json\/wp\/v2\/pages\/5444","targetHints":{"allow":["GET"]}}],"collection":[{"href":"https:\/\/omni-mode.com\/fr\/wp-json\/wp\/v2\/pages"}],"about":[{"href":"https:\/\/omni-mode.com\/fr\/wp-json\/wp\/v2\/types\/page"}],"author":[{"embeddable":true,"href":"https:\/\/omni-mode.com\/fr\/wp-json\/wp\/v2\/users\/2"}],"replies":[{"embeddable":true,"href":"https:\/\/omni-mode.com\/fr\/wp-json\/wp\/v2\/comments?post=5444"}],"version-history":[{"count":16,"href":"https:\/\/omni-mode.com\/fr\/wp-json\/wp\/v2\/pages\/5444\/revisions"}],"predecessor-version":[{"id":5473,"href":"https:\/\/omni-mode.com\/fr\/wp-json\/wp\/v2\/pages\/5444\/revisions\/5473"}],"wp:attachment":[{"href":"https:\/\/omni-mode.com\/fr\/wp-json\/wp\/v2\/media?parent=5444"}],"curies":[{"name":"wp","href":"https:\/\/api.w.org\/{rel}","templated":true}]}}