{"id":4120,"date":"2024-09-05T14:55:23","date_gmt":"2024-09-05T12:55:23","guid":{"rendered":"https:\/\/omni-mode.com\/?post_type=product&#038;p=4120"},"modified":"2025-08-11T11:49:58","modified_gmt":"2025-08-11T09:49:58","slug":"memorymode","status":"publish","type":"product","link":"https:\/\/omni-mode.com\/fr\/shop\/memorymode\/","title":{"rendered":"Mode m\u00e9moire"},"content":{"rendered":"<p>MemoryMode est une formule soigneusement compos\u00e9e de 10 extraits de plantes s\u00e9lectionn\u00e9s pour soutenir le cerveau dans la r\u00e9tention et la r\u00e9cup\u00e9ration de la m\u00e9moire. La r\u00e9cup\u00e9ration de la m\u00e9moire est particuli\u00e8rement importante pour les \u00e9tudiants lorsqu'ils passent des examens. Pour les adultes, MemoryMode est un atout pr\u00e9cieux pour lib\u00e9rer l'esprit et le garder vif.<\/p>\n<p style=\"font-weight: 400;\">Nos produits sont fabriqu\u00e9s exclusivement par notre fournisseur Adama'H en Italie, qui est certifi\u00e9 HACCP international et dispose de toutes les approbations requises en vertu des r\u00e9glementations italiennes strictes en mati\u00e8re d'approvisionnement alimentaire. En outre, OmniMode Sarl. a certifi\u00e9 nos produits aupr\u00e8s de l'Administration luxembourgeoise des produits v\u00e9t\u00e9rinaires et alimentaires (ALVA).<\/p>\n<p style=\"font-weight: 400;\">Depuis des centaines d'ann\u00e9es, de nombreux \u00eatres humains ont pris conscience de l'impact positif et utile des plantes sur le corps humain.<\/p>\n<p style=\"font-weight: 400;\">Les plantes apprennent chaque jour \u00e0 se d\u00e9fendre contre les intemp\u00e9ries, la pollution, l'exc\u00e8s de soleil, le manque d'eau, car elles ne peuvent pas s'\u00e9chapper (comme le feraient les animaux), mais sont oblig\u00e9es de s'adapter \u00e0 l'environnement qui les entoure. C'est pourquoi nous trouvons en elles des substances aux propri\u00e9t\u00e9s saines (n\u00e9es d'un long processus d'autod\u00e9fense), connues et utilis\u00e9es depuis l'Antiquit\u00e9.<\/p>\n<p style=\"font-weight: 400;\">Une m\u00e9thode d'extraction tr\u00e8s efficace permet <strong>ne pas utiliser de conservateurs, d'ar\u00f4mes, de sucres et de colorants<\/strong>Ainsi, seules des plantes sauvages\/organiques ayant pouss\u00e9 dans leur propre environnement naturel sont utilis\u00e9es pour obtenir des produits naturels.<\/p>\n<p style=\"font-weight: 400;\"><strong><u>MemoryMode Ingr\u00e9dients :<\/u><\/strong><\/p>\n<p style=\"font-weight: 400;\">Passiflore, Rhodiola, Withania, Gingembre, Lavandula, Cannelle, Rosmarinus, Melissa, Menthe poivr\u00e9e, Safran, Glyc\u00e9rine v\u00e9g\u00e9tale, Acide citrique.<\/p>","protected":false},"excerpt":{"rendered":"<p>Un emballage contenant un flacon de 30 ml avec un distributeur de gouttes.<\/p>","protected":false},"featured_media":5231,"template":"","meta":{"_acf_changed":false},"product_brand":[],"product_cat":[22],"product_tag":[],"class_list":{"0":"post-4120","1":"product","2":"type-product","3":"status-publish","4":"has-post-thumbnail","6":"product_cat-products","8":"first","9":"instock","10":"taxable","11":"shipping-taxable","12":"purchasable","13":"product-type-variable","14":"has-default-attributes"},"acf":[],"yoast_head":"<!-- This site is optimized with the Yoast SEO plugin v27.4 - https:\/\/yoast.com\/product\/yoast-seo-wordpress\/ -->\n<title>MemoryMode | OmniMode<\/title>\n<meta name=\"robots\" content=\"index, follow, max-snippet:-1, max-image-preview:large, max-video-preview:-1\" \/>\n<link rel=\"canonical\" href=\"https:\/\/omni-mode.com\/fr\/shop\/memorymode\/\" \/>\n<meta property=\"og:locale\" content=\"fr_FR\" \/>\n<meta property=\"og:type\" content=\"article\" \/>\n<meta property=\"og:title\" content=\"MemoryMode | OmniMode\" \/>\n<meta property=\"og:description\" content=\"A package containing one 30ml bottle with dropper dispenser.\" \/>\n<meta property=\"og:url\" content=\"https:\/\/omni-mode.com\/fr\/shop\/memorymode\/\" \/>\n<meta property=\"og:site_name\" content=\"OmniMode\" \/>\n<meta property=\"article:modified_time\" content=\"2025-08-11T09:49:58+00:00\" \/>\n<meta property=\"og:image\" content=\"https:\/\/omni-mode.com\/wp-content\/uploads\/memorymode-gradient.webp\" \/>\n\t<meta property=\"og:image:width\" content=\"1024\" \/>\n\t<meta property=\"og:image:height\" content=\"1024\" \/>\n\t<meta property=\"og:image:type\" content=\"image\/webp\" \/>\n<meta name=\"twitter:card\" content=\"summary_large_image\" \/>\n<meta name=\"twitter:label1\" content=\"Dur\u00e9e de lecture estim\u00e9e\" \/>\n\t<meta name=\"twitter:data1\" content=\"2 minutes\" \/>\n<script type=\"application\/ld+json\" class=\"yoast-schema-graph\">{\"@context\":\"https:\\\/\\\/schema.org\",\"@graph\":[{\"@type\":\"WebPage\",\"@id\":\"https:\\\/\\\/omni-mode.com\\\/shop\\\/memorymode\\\/\",\"url\":\"https:\\\/\\\/omni-mode.com\\\/shop\\\/memorymode\\\/\",\"name\":\"MemoryMode | OmniMode\",\"isPartOf\":{\"@id\":\"https:\\\/\\\/omni-mode.com\\\/#website\"},\"primaryImageOfPage\":{\"@id\":\"https:\\\/\\\/omni-mode.com\\\/shop\\\/memorymode\\\/#primaryimage\"},\"image\":{\"@id\":\"https:\\\/\\\/omni-mode.com\\\/shop\\\/memorymode\\\/#primaryimage\"},\"thumbnailUrl\":\"https:\\\/\\\/omni-mode.com\\\/wp-content\\\/uploads\\\/memorymode-gradient.webp\",\"datePublished\":\"2024-09-05T12:55:23+00:00\",\"dateModified\":\"2025-08-11T09:49:58+00:00\",\"breadcrumb\":{\"@id\":\"https:\\\/\\\/omni-mode.com\\\/shop\\\/memorymode\\\/#breadcrumb\"},\"inLanguage\":\"fr-FR\",\"potentialAction\":[{\"@type\":\"ReadAction\",\"target\":[\"https:\\\/\\\/omni-mode.com\\\/shop\\\/memorymode\\\/\"]}]},{\"@type\":\"ImageObject\",\"inLanguage\":\"fr-FR\",\"@id\":\"https:\\\/\\\/omni-mode.com\\\/shop\\\/memorymode\\\/#primaryimage\",\"url\":\"https:\\\/\\\/omni-mode.com\\\/wp-content\\\/uploads\\\/memorymode-gradient.webp\",\"contentUrl\":\"https:\\\/\\\/omni-mode.com\\\/wp-content\\\/uploads\\\/memorymode-gradient.webp\",\"width\":1024,\"height\":1024},{\"@type\":\"BreadcrumbList\",\"@id\":\"https:\\\/\\\/omni-mode.com\\\/shop\\\/memorymode\\\/#breadcrumb\",\"itemListElement\":[{\"@type\":\"ListItem\",\"position\":1,\"name\":\"Home\",\"item\":\"https:\\\/\\\/omni-mode.com\\\/\"},{\"@type\":\"ListItem\",\"position\":2,\"name\":\"Shop\",\"item\":\"https:\\\/\\\/omni-mode.com\\\/shop\\\/\"},{\"@type\":\"ListItem\",\"position\":3,\"name\":\"Products\",\"item\":\"https:\\\/\\\/omni-mode.com\\\/category\\\/products\\\/\"},{\"@type\":\"ListItem\",\"position\":4,\"name\":\"MemoryMode\"}]},{\"@type\":\"WebSite\",\"@id\":\"https:\\\/\\\/omni-mode.com\\\/#website\",\"url\":\"https:\\\/\\\/omni-mode.com\\\/\",\"name\":\"OmniMode\",\"description\":\"\",\"publisher\":{\"@id\":\"https:\\\/\\\/omni-mode.com\\\/#organization\"},\"potentialAction\":[{\"@type\":\"SearchAction\",\"target\":{\"@type\":\"EntryPoint\",\"urlTemplate\":\"https:\\\/\\\/omni-mode.com\\\/?s={search_term_string}\"},\"query-input\":{\"@type\":\"PropertyValueSpecification\",\"valueRequired\":true,\"valueName\":\"search_term_string\"}}],\"inLanguage\":\"fr-FR\"},{\"@type\":\"Organization\",\"@id\":\"https:\\\/\\\/omni-mode.com\\\/#organization\",\"name\":\"OmniMode\",\"url\":\"https:\\\/\\\/omni-mode.com\\\/\",\"logo\":{\"@type\":\"ImageObject\",\"inLanguage\":\"fr-FR\",\"@id\":\"https:\\\/\\\/omni-mode.com\\\/#\\\/schema\\\/logo\\\/image\\\/\",\"url\":\"https:\\\/\\\/omni-mode.com\\\/wp-content\\\/uploads\\\/logo-2.png\",\"contentUrl\":\"https:\\\/\\\/omni-mode.com\\\/wp-content\\\/uploads\\\/logo-2.png\",\"width\":800,\"height\":785,\"caption\":\"OmniMode\"},\"image\":{\"@id\":\"https:\\\/\\\/omni-mode.com\\\/#\\\/schema\\\/logo\\\/image\\\/\"}}]}<\/script>\n<!-- \/ Yoast SEO plugin. -->","yoast_head_json":{"title":"MemoryMode | OmniMode","robots":{"index":"index","follow":"follow","max-snippet":"max-snippet:-1","max-image-preview":"max-image-preview:large","max-video-preview":"max-video-preview:-1"},"canonical":"https:\/\/omni-mode.com\/fr\/shop\/memorymode\/","og_locale":"fr_FR","og_type":"article","og_title":"MemoryMode | OmniMode","og_description":"A package containing one 30ml bottle with dropper dispenser.","og_url":"https:\/\/omni-mode.com\/fr\/shop\/memorymode\/","og_site_name":"OmniMode","article_modified_time":"2025-08-11T09:49:58+00:00","og_image":[{"width":1024,"height":1024,"url":"https:\/\/omni-mode.com\/wp-content\/uploads\/memorymode-gradient.webp","type":"image\/webp"}],"twitter_card":"summary_large_image","twitter_misc":{"Dur\u00e9e de lecture estim\u00e9e":"2 minutes"},"schema":{"@context":"https:\/\/schema.org","@graph":[{"@type":"WebPage","@id":"https:\/\/omni-mode.com\/shop\/memorymode\/","url":"https:\/\/omni-mode.com\/shop\/memorymode\/","name":"MemoryMode | OmniMode","isPartOf":{"@id":"https:\/\/omni-mode.com\/#website"},"primaryImageOfPage":{"@id":"https:\/\/omni-mode.com\/shop\/memorymode\/#primaryimage"},"image":{"@id":"https:\/\/omni-mode.com\/shop\/memorymode\/#primaryimage"},"thumbnailUrl":"https:\/\/omni-mode.com\/wp-content\/uploads\/memorymode-gradient.webp","datePublished":"2024-09-05T12:55:23+00:00","dateModified":"2025-08-11T09:49:58+00:00","breadcrumb":{"@id":"https:\/\/omni-mode.com\/shop\/memorymode\/#breadcrumb"},"inLanguage":"fr-FR","potentialAction":[{"@type":"ReadAction","target":["https:\/\/omni-mode.com\/shop\/memorymode\/"]}]},{"@type":"ImageObject","inLanguage":"fr-FR","@id":"https:\/\/omni-mode.com\/shop\/memorymode\/#primaryimage","url":"https:\/\/omni-mode.com\/wp-content\/uploads\/memorymode-gradient.webp","contentUrl":"https:\/\/omni-mode.com\/wp-content\/uploads\/memorymode-gradient.webp","width":1024,"height":1024},{"@type":"BreadcrumbList","@id":"https:\/\/omni-mode.com\/shop\/memorymode\/#breadcrumb","itemListElement":[{"@type":"ListItem","position":1,"name":"Home","item":"https:\/\/omni-mode.com\/"},{"@type":"ListItem","position":2,"name":"Shop","item":"https:\/\/omni-mode.com\/shop\/"},{"@type":"ListItem","position":3,"name":"Products","item":"https:\/\/omni-mode.com\/category\/products\/"},{"@type":"ListItem","position":4,"name":"MemoryMode"}]},{"@type":"WebSite","@id":"https:\/\/omni-mode.com\/#website","url":"https:\/\/omni-mode.com\/","name":"OmniMode","description":"","publisher":{"@id":"https:\/\/omni-mode.com\/#organization"},"potentialAction":[{"@type":"SearchAction","target":{"@type":"EntryPoint","urlTemplate":"https:\/\/omni-mode.com\/?s={search_term_string}"},"query-input":{"@type":"PropertyValueSpecification","valueRequired":true,"valueName":"search_term_string"}}],"inLanguage":"fr-FR"},{"@type":"Organization","@id":"https:\/\/omni-mode.com\/#organization","name":"OmniMode","url":"https:\/\/omni-mode.com\/","logo":{"@type":"ImageObject","inLanguage":"fr-FR","@id":"https:\/\/omni-mode.com\/#\/schema\/logo\/image\/","url":"https:\/\/omni-mode.com\/wp-content\/uploads\/logo-2.png","contentUrl":"https:\/\/omni-mode.com\/wp-content\/uploads\/logo-2.png","width":800,"height":785,"caption":"OmniMode"},"image":{"@id":"https:\/\/omni-mode.com\/#\/schema\/logo\/image\/"}}]}},"_links":{"self":[{"href":"https:\/\/omni-mode.com\/fr\/wp-json\/wp\/v2\/product\/4120","targetHints":{"allow":["GET"]}}],"collection":[{"href":"https:\/\/omni-mode.com\/fr\/wp-json\/wp\/v2\/product"}],"about":[{"href":"https:\/\/omni-mode.com\/fr\/wp-json\/wp\/v2\/types\/product"}],"version-history":[{"count":5,"href":"https:\/\/omni-mode.com\/fr\/wp-json\/wp\/v2\/product\/4120\/revisions"}],"predecessor-version":[{"id":5476,"href":"https:\/\/omni-mode.com\/fr\/wp-json\/wp\/v2\/product\/4120\/revisions\/5476"}],"wp:featuredmedia":[{"embeddable":true,"href":"https:\/\/omni-mode.com\/fr\/wp-json\/wp\/v2\/media\/5231"}],"wp:attachment":[{"href":"https:\/\/omni-mode.com\/fr\/wp-json\/wp\/v2\/media?parent=4120"}],"wp:term":[{"taxonomy":"product_brand","embeddable":true,"href":"https:\/\/omni-mode.com\/fr\/wp-json\/wp\/v2\/product_brand?post=4120"},{"taxonomy":"product_cat","embeddable":true,"href":"https:\/\/omni-mode.com\/fr\/wp-json\/wp\/v2\/product_cat?post=4120"},{"taxonomy":"product_tag","embeddable":true,"href":"https:\/\/omni-mode.com\/fr\/wp-json\/wp\/v2\/product_tag?post=4120"}],"curies":[{"name":"wp","href":"https:\/\/api.w.org\/{rel}","templated":true}]}}